{"id":310,"date":"2025-12-16T01:00:34","date_gmt":"2025-12-16T01:00:34","guid":{"rendered":"https:\/\/epitesigipszek.hu\/?post_type=product&#038;p=310"},"modified":"2025-12-16T03:46:06","modified_gmt":"2025-12-16T03:46:06","slug":"jointing-filler-plus-szeria-hezagolo-plusz","status":"publish","type":"product","link":"https:\/\/epitesigipszek.hu\/en\/termek\/jointing-filler-plus-szeria-hezagolo-plusz\/","title":{"rendered":"Jointing filler Plus (Sz\u00e9ria-H\u00e9zagol\u00f3 Plusz)"},"content":{"rendered":"<p>Fibre-reinforced non-shrinking joint compound.<\/p>\n<ul class=\"\">\n<li>Perfectly suitable for manually sealing and covering seams between sheets of drywall.<\/li>\n<li>No drywall joint tap is required if surface is properly prepared. <i><\/i><\/li>\n<li>Does not shrink when dry, meaning that extra skimming can be spared in most cases<\/li>\n<li>Pot life: approx. 45 minutes<\/li>\n<\/ul>\n<p><!--more--> <strong>Pack sizes:<\/strong><\/p>\n<table cellspacing=\"0\" cellpadding=\"0\">\n<tbody>\n<tr>\n<td>1 x<\/td>\n<td>20 kg<\/td>\n<td>48 bags\/pallet<\/td>\n<\/tr>\n<tr>\n<td>1 x<\/td>\n<td>5 kg<\/td>\n<td>160 bags\/pallet<\/td>\n<\/tr>\n<\/tbody>\n<\/table>\n<p>&nbsp;<\/p>\n","protected":false},"excerpt":{"rendered":"<p>Fibre-reinforced non-shrinking joint compound. Perfectly suitable for manually sealing and covering seams between sheets of drywall. No drywall joint tap is required if surface is properly prepared. Does not shrink when dry, meaning that extra skimming can be spared in most cases Pot life: approx. 45 minutes<\/p>\n","protected":false},"featured_media":389,"template":"","meta":{"_acf_changed":false,"_et_pb_use_builder":"","_et_pb_old_content":"","_et_gb_content_width":""},"product_brand":[],"product_cat":[62],"product_tag":[],"class_list":{"0":"post-310","1":"product","2":"type-product","3":"status-publish","4":"has-post-thumbnail","6":"product_cat-plasters","8":"first","9":"instock","10":"shipping-taxable","11":"product-type-simple"},"acf":[],"_links":{"self":[{"href":"https:\/\/epitesigipszek.hu\/en\/wp-json\/wp\/v2\/product\/310","targetHints":{"allow":["GET"]}}],"collection":[{"href":"https:\/\/epitesigipszek.hu\/en\/wp-json\/wp\/v2\/product"}],"about":[{"href":"https:\/\/epitesigipszek.hu\/en\/wp-json\/wp\/v2\/types\/product"}],"wp:featuredmedia":[{"embeddable":true,"href":"https:\/\/epitesigipszek.hu\/en\/wp-json\/wp\/v2\/media\/389"}],"wp:attachment":[{"href":"https:\/\/epitesigipszek.hu\/en\/wp-json\/wp\/v2\/media?parent=310"}],"wp:term":[{"taxonomy":"product_brand","embeddable":true,"href":"https:\/\/epitesigipszek.hu\/en\/wp-json\/wp\/v2\/product_brand?post=310"},{"taxonomy":"product_cat","embeddable":true,"href":"https:\/\/epitesigipszek.hu\/en\/wp-json\/wp\/v2\/product_cat?post=310"},{"taxonomy":"product_tag","embeddable":true,"href":"https:\/\/epitesigipszek.hu\/en\/wp-json\/wp\/v2\/product_tag?post=310"}],"curies":[{"name":"wp","href":"https:\/\/api.w.org\/{rel}","templated":true}]}}