{"id":1520,"date":"2025-12-08T01:22:25","date_gmt":"2025-12-08T01:22:25","guid":{"rendered":"https:\/\/epitesigipszek.hu\/contact\/"},"modified":"2026-03-19T13:30:15","modified_gmt":"2026-03-19T13:30:15","slug":"contact","status":"publish","type":"page","link":"https:\/\/epitesigipszek.hu\/en\/contact\/","title":{"rendered":"Contact"},"content":{"rendered":"<p>[et_pb_section fb_built=&#8221;1&#8243; _builder_version=&#8221;4.27.5&#8243; _module_preset=&#8221;default&#8221; background_image=&#8221;https:\/\/epitesigipszek.hu\/wp-content\/uploads\/dietrichkuehne_DSCF4343-scaled.jpg&#8221; custom_padding=&#8221;100px||0px||false|false&#8221; global_colors_info=&#8221;{}&#8221;][et_pb_row _builder_version=&#8221;4.27.5&#8243; _module_preset=&#8221;default&#8221; background_color=&#8221;rgba(255,255,255,0.75)&#8221; custom_margin=&#8221;||0px||false|false&#8221; custom_padding=&#8221;||0px|20px|false|false&#8221; global_colors_info=&#8221;{}&#8221;][et_pb_column type=&#8221;4_4&#8243; _builder_version=&#8221;4.27.5&#8243; _module_preset=&#8221;default&#8221; global_colors_info=&#8221;{}&#8221;][et_pb_heading title=&#8221;Contact&#8221; module_class=&#8221;top-page-title&#8221; _builder_version=&#8221;4.27.5&#8243; _module_preset=&#8221;default&#8221; custom_margin=&#8221;||0px||false|false&#8221; custom_padding=&#8221;||0px||false|false&#8221; global_colors_info=&#8221;{}&#8221;][\/et_pb_heading][\/et_pb_column][\/et_pb_row][\/et_pb_section][et_pb_section fb_built=&#8221;1&#8243; _builder_version=&#8221;4.27.5&#8243; _module_preset=&#8221;default&#8221; custom_padding=&#8221;30px||3px|||&#8221; global_colors_info=&#8221;{}&#8221;][et_pb_row _builder_version=&#8221;4.27.5&#8243; _module_preset=&#8221;default&#8221; custom_padding=&#8221;||2px|||&#8221; global_colors_info=&#8221;{}&#8221;][et_pb_column type=&#8221;4_4&#8243; _builder_version=&#8221;4.27.5&#8243; _module_preset=&#8221;default&#8221; global_colors_info=&#8221;{}&#8221;][et_pb_heading title=&#8221;Share your experiences with our products with us!&#8221; _builder_version=&#8221;4.27.5&#8243; _module_preset=&#8221;default&#8221; title_font=&#8221;|300|||||||&#8221; title_font_size=&#8221;36px&#8221; global_colors_info=&#8221;{}&#8221;][\/et_pb_heading][\/et_pb_column][\/et_pb_row][\/et_pb_section][et_pb_section fb_built=&#8221;1&#8243; _builder_version=&#8221;4.27.5&#8243; _module_preset=&#8221;default&#8221; background_color=&#8221;RGBA(255,255,255,0)&#8221; custom_padding=&#8221;0px||35px|||&#8221; global_colors_info=&#8221;{}&#8221;][et_pb_row column_structure=&#8221;2_5,3_5&#8243; _builder_version=&#8221;4.27.5&#8243; _module_preset=&#8221;default&#8221; global_colors_info=&#8221;{}&#8221;][et_pb_column type=&#8221;2_5&#8243; _builder_version=&#8221;4.27.5&#8243; _module_preset=&#8221;default&#8221; global_colors_info=&#8221;{}&#8221;][et_pb_text _builder_version=&#8221;4.27.5&#8243; _module_preset=&#8221;default&#8221; text_line_height=&#8221;2em&#8221; global_colors_info=&#8221;{}&#8221;]<\/p>\n<p><span>Whether you have a question, comment, praise, or even criticism, we welcome your feedback.<br \/><\/span><\/p>\n<p><span>If you need technical advice regarding the use of our products, please write to us on our <a href=\"https:\/\/epitesigipszek.hu\/en\/technical-advice\/\">Technical Advice<\/a> page.<\/span><\/p>\n<p>[\/et_pb_text][\/et_pb_column][et_pb_column type=&#8221;3_5&#8243; _builder_version=&#8221;4.27.5&#8243; _module_preset=&#8221;default&#8221; global_colors_info=&#8221;{}&#8221;][et_pb_code _builder_version=&#8221;4.27.5&#8243; _module_preset=&#8221;default&#8221; max_width=&#8221;600px&#8221; module_alignment=&#8221;center&#8221; global_colors_info=&#8221;{}&#8221;]<div class=\"forminator-ui forminator-custom-form forminator-custom-form-1661 forminator-design--default  forminator_ajax\" data-forminator-render=\"0\" data-form=\"forminator-module-1661\" data-uid=\"69e381bf3e181\"><br\/><\/div><form\n\t\t\t\tid=\"forminator-module-1661\"\n\t\t\t\tclass=\"forminator-ui forminator-custom-form forminator-custom-form-1661 forminator-design--default  forminator_ajax\"\n\t\t\t\tmethod=\"post\"\n\t\t\t\tdata-forminator-render=\"0\"\n\t\t\t\tdata-form-id=\"1661\"\n\t\t\t\t data-color-option=\"theme\" data-design=\"default\" data-grid=\"open\" style=\"display: none;\"\n\t\t\t\tdata-uid=\"69e381bf3e181\"\n\t\t\t><div role=\"alert\" aria-live=\"polite\" class=\"forminator-response-message forminator-error\" aria-hidden=\"true\"><\/div><div class=\"forminator-row\"><div id=\"name-1\" class=\"forminator-field-name forminator-col forminator-col-12 \"><div class=\"forminator-field\"><label for=\"forminator-field-name-1_69e381bf3e181\" id=\"forminator-field-name-1_69e381bf3e181-label\" class=\"forminator-label\">Name: <span class=\"forminator-required\">*<\/span><\/label><input type=\"text\" name=\"name-1\" value=\"\" placeholder=\"\" id=\"forminator-field-name-1_69e381bf3e181\" class=\"forminator-input forminator-name--field\" aria-required=\"true\" autocomplete=\"name\" \/><\/div><\/div><\/div><div class=\"forminator-row\"><div id=\"email-1\" class=\"forminator-field-email forminator-col forminator-col-12 \"><div class=\"forminator-field\"><label for=\"forminator-field-email-1_69e381bf3e181\" id=\"forminator-field-email-1_69e381bf3e181-label\" class=\"forminator-label\">Email: <span class=\"forminator-required\">*<\/span><\/label><input type=\"email\" name=\"email-1\" value=\"\" placeholder=\"\" id=\"forminator-field-email-1_69e381bf3e181\" class=\"forminator-input forminator-email--field\" data-required=\"true\" aria-required=\"true\" autocomplete=\"email\" \/><\/div><\/div><\/div><div class=\"forminator-row\"><div id=\"phone-1\" class=\"forminator-field-phone forminator-col forminator-col-12 \"><div class=\"forminator-field\"><label for=\"forminator-field-phone-1_69e381bf3e181\" id=\"forminator-field-phone-1_69e381bf3e181-label\" class=\"forminator-label\">Phone:<\/label><input type=\"text\" name=\"phone-1\" value=\"\" placeholder=\"\" id=\"forminator-field-phone-1_69e381bf3e181\" class=\"forminator-input forminator-field--phone\" data-required=\"\" aria-required=\"false\" autocomplete=\"off\" \/><\/div><\/div><\/div><div class=\"forminator-row\"><div id=\"textarea-1\" class=\"forminator-field-textarea forminator-col forminator-col-12 \"><div class=\"forminator-field\"><label for=\"forminator-field-textarea-1_69e381bf3e181\" id=\"forminator-field-textarea-1_69e381bf3e181-label\" class=\"forminator-label\">Message: <span class=\"forminator-required\">*<\/span><\/label><span id=\"forminator-field-textarea-1_69e381bf3e181-description\" class=\"forminator-description\"><span data-limit=\"2000\" data-type=\"characters\" data-editor=\"\">0 \/ 2000<\/span><\/span><textarea name=\"textarea-1\" placeholder=\"\" id=\"forminator-field-textarea-1_69e381bf3e181\" class=\"forminator-textarea\" rows=\"6\" style=\"min-height:140px;\" maxlength=\"2000\" ><\/textarea><\/div><\/div><\/div><div class=\"forminator-row\"><div id=\"checkbox-1\" class=\"forminator-field-checkbox forminator-col forminator-col-12 \"><div role=\"group\" class=\"forminator-field required\" aria-labelledby=\"forminator-checkbox-group-forminator-field-checkbox-1-69e381bf3e181-label\"><label id=\"forminator-field-checkbox-1-1-69e381bf3e181-label\" for=\"forminator-field-checkbox-1-1-69e381bf3e181\" class=\"forminator-checkbox\" title=\"I have read and accept the contents of the &lt;a href=&quot;\/wp-content\/uploads\/Website-Data-Management-Information.pdf&quot; target=&quot;_blank&quot;&gt;Data Management Information&lt;\/a&gt;.\"><input type=\"checkbox\" name=\"checkbox-1[]\" value=\"one\" id=\"forminator-field-checkbox-1-1-69e381bf3e181\" aria-labelledby=\"forminator-field-checkbox-1-1-69e381bf3e181-label\" data-calculation=\"0\"   data-hidden-behavior=\"zero\"\/><span class=\"forminator-checkbox-box\" aria-hidden=\"true\"><\/span><span class=\"forminator-checkbox-label\">I have read and accept the contents of the <a href=\"\/wp-content\/uploads\/Website-Data-Management-Information.pdf\" target=\"_blank\">Data Management Information<\/a>.<\/span><\/label><\/div><\/div><\/div><input type=\"hidden\" name=\"referer_url\" value=\"\" \/><div class=\"forminator-row forminator-row-last\"><div class=\"forminator-col\"><div class=\"forminator-field\"><button class=\"forminator-button forminator-button-submit\">Send<\/button><\/div><\/div><\/div><input type=\"hidden\" id=\"forminator_nonce\" name=\"forminator_nonce\" value=\"36e8dd9435\" \/><input type=\"hidden\" name=\"_wp_http_referer\" value=\"\/en\/wp-json\/wp\/v2\/pages\/1520\" \/><input type=\"hidden\" name=\"form_id\" value=\"1661\"><input type=\"hidden\" name=\"page_id\" value=\"1520\"><input type=\"hidden\" name=\"form_type\" value=\"default\"><input type=\"hidden\" name=\"current_url\" value=\"https:\/\/epitesigipszek.hu\/en\/contact\/\"><input type=\"hidden\" name=\"render_id\" value=\"0\"><input type=\"hidden\" name=\"action\" value=\"forminator_submit_form_custom-forms\"><\/form>[\/et_pb_code][\/et_pb_column][\/et_pb_row][\/et_pb_section][et_pb_section fb_built=&#8221;1&#8243; _builder_version=&#8221;4.27.5&#8243; _module_preset=&#8221;default&#8221; custom_padding=&#8221;30px||3px|||&#8221; global_colors_info=&#8221;{}&#8221;][et_pb_row _builder_version=&#8221;4.27.5&#8243; _module_preset=&#8221;default&#8221; custom_padding=&#8221;||2px|||&#8221; global_colors_info=&#8221;{}&#8221;][et_pb_column type=&#8221;4_4&#8243; _builder_version=&#8221;4.27.5&#8243; _module_preset=&#8221;default&#8221; global_colors_info=&#8221;{}&#8221;][et_pb_heading title=&#8221;Our contact details&#8221; _builder_version=&#8221;4.27.5&#8243; _module_preset=&#8221;default&#8221; title_font=&#8221;|300|||||||&#8221; title_font_size=&#8221;36px&#8221; global_colors_info=&#8221;{}&#8221;][\/et_pb_heading][\/et_pb_column][\/et_pb_row][\/et_pb_section][et_pb_section fb_built=&#8221;1&#8243; _builder_version=&#8221;4.27.5&#8243; _module_preset=&#8221;default&#8221; custom_margin=&#8221;2px|||||&#8221; custom_padding=&#8221;4px|||||&#8221; global_colors_info=&#8221;{}&#8221;][et_pb_row column_structure=&#8221;2_5,3_5&#8243; admin_label=&#8221;Headquarters&#8221; _builder_version=&#8221;4.27.5&#8243; _module_preset=&#8221;default&#8221; global_colors_info=&#8221;{}&#8221;][et_pb_column type=&#8221;2_5&#8243; _builder_version=&#8221;4.27.5&#8243; _module_preset=&#8221;default&#8221; global_colors_info=&#8221;{}&#8221;][et_pb_text _builder_version=&#8221;4.27.5&#8243; _module_preset=&#8221;default&#8221; header_3_font_size=&#8221;24px&#8221; global_colors_info=&#8221;{}&#8221;]<\/p>\n<h3>Headquarters<\/h3>\n<p>Address: H-1116 Budapest, Adony u. 7.<\/p>\n<p>Phone: <a href=\"tel:+3614667758\">+36 1 466 7758<\/a><\/p>\n<p>E-mail: <a href=\"mailto:info@szeria-trans.hu\">info@szeria-trans.hu<\/a><\/p>\n<p>[\/et_pb_text][\/et_pb_column][et_pb_column type=&#8221;3_5&#8243; _builder_version=&#8221;4.27.5&#8243; _module_preset=&#8221;default&#8221; global_colors_info=&#8221;{}&#8221;][et_pb_code _builder_version=&#8221;4.27.5&#8243; _module_preset=&#8221;default&#8221; global_colors_info=&#8221;{}&#8221;]<iframe src=\"https:\/\/www.google.com\/maps\/embed?pb=!1m18!1m12!1m3!1d3791.3272946126986!2d19.029227203403746!3d47.44831677328204!2m3!1f0!2f0!3f0!3m2!1i1024!2i768!4f13.1!3m3!1m2!1s0x4741dd85859f7a2d%3A0x3c9da5b728b3041a!2sBudapest%2C%20Adony%20u.%207%2C%201116!5e0!3m2!1shu!2shu!4v1767117815755!5m2!1shu!2shu\" width=\"600\" height=\"450\" style=\"border:1px solid #cccccc;\" allowfullscreen=\"\" loading=\"lazy\" referrerpolicy=\"no-referrer-when-downgrade\"><\/iframe>[\/et_pb_code][\/et_pb_column][\/et_pb_row][et_pb_row column_structure=&#8221;2_5,3_5&#8243; admin_label=&#8221;Karcag&#8221; _builder_version=&#8221;4.27.5&#8243; _module_preset=&#8221;default&#8221; global_colors_info=&#8221;{}&#8221;][et_pb_column type=&#8221;2_5&#8243; _builder_version=&#8221;4.27.5&#8243; _module_preset=&#8221;default&#8221; global_colors_info=&#8221;{}&#8221;][et_pb_text _builder_version=&#8221;4.27.5&#8243; _module_preset=&#8221;default&#8221; header_3_font_size=&#8221;24px&#8221; global_colors_info=&#8221;{}&#8221;]<\/p>\n<h3>Karcag warehouse<\/h3>\n<p>Address: H-5300 Karcag, Tilalmasi \u00fat 1.<\/p>\n<p>Phone: <a href=\"tel:+36305003719\">+36 30 500 3719<\/a><\/p>\n<p>E-mail: <a href=\"mailto:karcag@szeria-trans.hu\">karcag@szeria-trans.hu<\/a><\/p>\n<p>[\/et_pb_text][\/et_pb_column][et_pb_column type=&#8221;3_5&#8243; _builder_version=&#8221;4.27.5&#8243; _module_preset=&#8221;default&#8221; global_colors_info=&#8221;{}&#8221;][et_pb_code _builder_version=&#8221;4.27.5&#8243; _module_preset=&#8221;default&#8221; global_colors_info=&#8221;{}&#8221;]<iframe src=\"https:\/\/www.google.com\/maps\/embed?pb=!1m18!1m12!1m3!1d10815.676209800738!2d20.919227648138172!3d47.33545217274655!2m3!1f0!2f0!3f0!3m2!1i1024!2i768!4f13.1!3m3!1m2!1s0x4746d0a92b2d18fd%3A0x988dcbb75fad273b!2sSz%C3%A9ria-Trans%20Kft.!5e0!3m2!1shu!2shu!4v1767118305394!5m2!1shu!2shu\" width=\"600\" height=\"450\" style=\"border:1px solid #cccccc;\" allowfullscreen=\"\" loading=\"lazy\" referrerpolicy=\"no-referrer-when-downgrade\"><\/iframe>[\/et_pb_code][\/et_pb_column][\/et_pb_row][et_pb_row column_structure=&#8221;2_5,3_5&#8243; admin_label=&#8221;Buda\u00f6rs&#8221; _builder_version=&#8221;4.27.5&#8243; _module_preset=&#8221;default&#8221; global_colors_info=&#8221;{}&#8221;][et_pb_column type=&#8221;2_5&#8243; _builder_version=&#8221;4.27.5&#8243; _module_preset=&#8221;default&#8221; global_colors_info=&#8221;{}&#8221;][et_pb_text _builder_version=&#8221;4.27.5&#8243; _module_preset=&#8221;default&#8221; header_3_font_size=&#8221;24px&#8221; global_colors_info=&#8221;{}&#8221;]<\/p>\n<h3>Buda\u00f6rs warehouse<\/h3>\n<p>Address: H-2040 Buda\u00f6rs, Gy\u00e1r utca 2. \u2013 Industrial Park<br \/>(Customer service: G\u00e1bor D\u00e9nes k\u00f6r\u00fat 86\/A.) <\/p>\n<p>Telefonsz\u00e1m: <a href=\"tel:+3623431600\">+36 30 630 0763<\/a><\/p>\n<p>E-mail: <a href=\"mailto:info@szeria-trans.hu\">info@szeria-trans.hu<\/a><\/p>\n<p>[\/et_pb_text][\/et_pb_column][et_pb_column type=&#8221;3_5&#8243; _builder_version=&#8221;4.27.5&#8243; _module_preset=&#8221;default&#8221; global_colors_info=&#8221;{}&#8221;][et_pb_code _builder_version=&#8221;4.27.5&#8243; _module_preset=&#8221;default&#8221; hover_enabled=&#8221;0&#8243; global_colors_info=&#8221;{}&#8221; sticky_enabled=&#8221;0&#8243;]<iframe src=\"https:\/\/www.google.com\/maps\/embed?pb=!1m18!1m12!1m3!1d2696.953478436857!2d18.898072!3d47.47133600000001!2m3!1f0!2f0!3f0!3m2!1i1024!2i768!4f13.1!3m3!1m2!1s0x4741e13121c98865%3A0x305c4b297eda6c11!2zQWxwb2stQWRyaWEgU3rDoWxsw610bcOhbnlvesOzIEtmdC4gTG9naXN6dGlrYWkgS8O2enBvbnQ!5e0!3m2!1shu!2shu!4v1773926850757!5m2!1shu!2shu\" width=\"600\" height=\"450\" style=\"border:0;\" allowfullscreen=\"\" loading=\"lazy\" referrerpolicy=\"no-referrer-when-downgrade\"><\/iframe>[\/et_pb_code][\/et_pb_column][\/et_pb_row][\/et_pb_section]<\/p>\n","protected":false},"excerpt":{"rendered":"<p>Whether you have a question, comment, praise, or even criticism, we welcome your feedback. If you need technical advice regarding the use of our products, please write to us on our Technical Advice page.<div class=\"forminator-ui forminator-custom-form forminator-custom-form-1661 forminator-design--default  forminator_ajax\" data-forminator-render=\"1\" data-form=\"forminator-module-1661\" data-uid=\"69e381bf48883\"><br\/><\/div><form\n\t\t\t\tid=\"forminator-module-1661\"\n\t\t\t\tclass=\"forminator-ui forminator-custom-form forminator-custom-form-1661 forminator-design--default  forminator_ajax\"\n\t\t\t\tmethod=\"post\"\n\t\t\t\tdata-forminator-render=\"1\"\n\t\t\t\tdata-form-id=\"1661\"\n\t\t\t\t data-color-option=\"theme\" data-design=\"default\" data-grid=\"open\" style=\"display: none;\"\n\t\t\t\tdata-uid=\"69e381bf48883\"\n\t\t\t><div role=\"alert\" aria-live=\"polite\" class=\"forminator-response-message forminator-error\" aria-hidden=\"true\"><\/div><div class=\"forminator-row\"><div id=\"name-1\" class=\"forminator-field-name forminator-col forminator-col-12 \"><div class=\"forminator-field\"><label for=\"forminator-field-name-1_69e381bf48883\" id=\"forminator-field-name-1_69e381bf48883-label\" class=\"forminator-label\">Name: <span class=\"forminator-required\">*<\/span><\/label><input type=\"text\" name=\"name-1\" value=\"\" placeholder=\"\" id=\"forminator-field-name-1_69e381bf48883\" class=\"forminator-input forminator-name--field\" aria-required=\"true\" autocomplete=\"name\" \/><\/div><\/div><\/div><div class=\"forminator-row\"><div id=\"email-1\" class=\"forminator-field-email forminator-col forminator-col-12 \"><div class=\"forminator-field\"><label for=\"forminator-field-email-1_69e381bf48883\" id=\"forminator-field-email-1_69e381bf48883-label\" class=\"forminator-label\">Email: <span class=\"forminator-required\">*<\/span><\/label><input type=\"email\" name=\"email-1\" value=\"\" placeholder=\"\" id=\"forminator-field-email-1_69e381bf48883\" class=\"forminator-input forminator-email--field\" data-required=\"true\" aria-required=\"true\" autocomplete=\"email\" \/><\/div><\/div><\/div><div class=\"forminator-row\"><div id=\"phone-1\" class=\"forminator-field-phone forminator-col forminator-col-12 \"><div class=\"forminator-field\"><label for=\"forminator-field-phone-1_69e381bf48883\" id=\"forminator-field-phone-1_69e381bf48883-label\" class=\"forminator-label\">Phone:<\/label><input type=\"text\" name=\"phone-1\" value=\"\" placeholder=\"\" id=\"forminator-field-phone-1_69e381bf48883\" class=\"forminator-input forminator-field--phone\" data-required=\"\" aria-required=\"false\" autocomplete=\"off\" \/><\/div><\/div><\/div><div class=\"forminator-row\"><div id=\"textarea-1\" class=\"forminator-field-textarea forminator-col forminator-col-12 \"><div class=\"forminator-field\"><label for=\"forminator-field-textarea-1_69e381bf48883\" id=\"forminator-field-textarea-1_69e381bf48883-label\" class=\"forminator-label\">Message: <span class=\"forminator-required\">*<\/span><\/label><span id=\"forminator-field-textarea-1_69e381bf48883-description\" class=\"forminator-description\"><span data-limit=\"2000\" data-type=\"characters\" data-editor=\"\">0 \/ 2000<\/span><\/span><textarea name=\"textarea-1\" placeholder=\"\" id=\"forminator-field-textarea-1_69e381bf48883\" class=\"forminator-textarea\" rows=\"6\" style=\"min-height:140px;\" maxlength=\"2000\" ><\/textarea><\/div><\/div><\/div><div class=\"forminator-row\"><div id=\"checkbox-1\" class=\"forminator-field-checkbox forminator-col forminator-col-12 \"><div role=\"group\" class=\"forminator-field required\" aria-labelledby=\"forminator-checkbox-group-forminator-field-checkbox-1-69e381bf48883-label\"><label id=\"forminator-field-checkbox-1-1-69e381bf48883-label\" for=\"forminator-field-checkbox-1-1-69e381bf48883\" class=\"forminator-checkbox\" title=\"I have read and accept the contents of the &lt;a href=&quot;\/wp-content\/uploads\/Website-Data-Management-Information.pdf&quot; target=&quot;_blank&quot;&gt;Data Management Information&lt;\/a&gt;.\"><input type=\"checkbox\" name=\"checkbox-1[]\" value=\"one\" id=\"forminator-field-checkbox-1-1-69e381bf48883\" aria-labelledby=\"forminator-field-checkbox-1-1-69e381bf48883-label\" data-calculation=\"0\"   data-hidden-behavior=\"zero\"\/><span class=\"forminator-checkbox-box\" aria-hidden=\"true\"><\/span><span class=\"forminator-checkbox-label\">I have read and accept the contents of the <a href=\"\/wp-content\/uploads\/Website-Data-Management-Information.pdf\" target=\"_blank\">Data Management Information<\/a>.<\/span><\/label><\/div><\/div><\/div><input type=\"hidden\" name=\"referer_url\" value=\"\" \/><div class=\"forminator-row forminator-row-last\"><div class=\"forminator-col\"><div class=\"forminator-field\"><button class=\"forminator-button forminator-button-submit\">Send<\/button><\/div><\/div><\/div><input type=\"hidden\" id=\"forminator_nonce\" name=\"forminator_nonce\" value=\"36e8dd9435\" \/><input type=\"hidden\" name=\"_wp_http_referer\" value=\"\/en\/wp-json\/wp\/v2\/pages\/1520\" \/><input type=\"hidden\" name=\"form_id\" value=\"1661\"><input type=\"hidden\" name=\"page_id\" value=\"1520\"><input type=\"hidden\" name=\"form_type\" value=\"default\"><input type=\"hidden\" name=\"current_url\" value=\"https:\/\/epitesigipszek.hu\/en\/contact\/\"><input type=\"hidden\" name=\"render_id\" value=\"1\"><input type=\"hidden\" name=\"action\" value=\"forminator_submit_form_custom-forms\"><\/form>Headquarters Address: H-1116 Budapest, Adony u. 7. Phone: +36 1 466 7758 E-mail: info@szeria-trans.huKarcag warehouse Address: H-5300 Karcag, Tilalmasi \u00fat 1. [&hellip;]<\/p>\n","protected":false},"author":1,"featured_media":0,"parent":0,"menu_order":0,"comment_status":"closed","ping_status":"closed","template":"","meta":{"_acf_changed":false,"_et_pb_use_builder":"on","_et_pb_old_content":"","_et_gb_content_width":"","footnotes":""},"class_list":["post-1520","page","type-page","status-publish","hentry"],"acf":[],"_links":{"self":[{"href":"https:\/\/epitesigipszek.hu\/en\/wp-json\/wp\/v2\/pages\/1520","targetHints":{"allow":["GET"]}}],"collection":[{"href":"https:\/\/epitesigipszek.hu\/en\/wp-json\/wp\/v2\/pages"}],"about":[{"href":"https:\/\/epitesigipszek.hu\/en\/wp-json\/wp\/v2\/types\/page"}],"author":[{"embeddable":true,"href":"https:\/\/epitesigipszek.hu\/en\/wp-json\/wp\/v2\/users\/1"}],"replies":[{"embeddable":true,"href":"https:\/\/epitesigipszek.hu\/en\/wp-json\/wp\/v2\/comments?post=1520"}],"version-history":[{"count":11,"href":"https:\/\/epitesigipszek.hu\/en\/wp-json\/wp\/v2\/pages\/1520\/revisions"}],"predecessor-version":[{"id":2041,"href":"https:\/\/epitesigipszek.hu\/en\/wp-json\/wp\/v2\/pages\/1520\/revisions\/2041"}],"wp:attachment":[{"href":"https:\/\/epitesigipszek.hu\/en\/wp-json\/wp\/v2\/media?parent=1520"}],"curies":[{"name":"wp","href":"https:\/\/api.w.org\/{rel}","templated":true}]}}