{"id":1489,"date":"2025-12-02T15:22:18","date_gmt":"2025-12-02T15:22:18","guid":{"rendered":"https:\/\/epitesigipszek.hu\/faq\/"},"modified":"2026-01-30T17:14:34","modified_gmt":"2026-01-30T17:14:34","slug":"faq","status":"publish","type":"page","link":"https:\/\/epitesigipszek.hu\/en\/useful-informations\/faq\/","title":{"rendered":"FAQ"},"content":{"rendered":"<p>[et_pb_section fb_built=&#8221;1&#8243; _builder_version=&#8221;4.27.5&#8243; _module_preset=&#8221;default&#8221; background_image=&#8221;https:\/\/epitesigipszek.hu\/wp-content\/uploads\/dietrichkuehne_DSCF4343-scaled.jpg&#8221; custom_padding=&#8221;100px||0px||false|false&#8221; global_colors_info=&#8221;{}&#8221;][et_pb_row _builder_version=&#8221;4.27.5&#8243; _module_preset=&#8221;default&#8221; background_color=&#8221;rgba(255,255,255,0.75)&#8221; custom_margin=&#8221;||0px||false|false&#8221; custom_padding=&#8221;||0px|20px|false|false&#8221; global_colors_info=&#8221;{}&#8221;][et_pb_column type=&#8221;4_4&#8243; _builder_version=&#8221;4.27.5&#8243; _module_preset=&#8221;default&#8221; global_colors_info=&#8221;{}&#8221;][et_pb_heading title=&#8221;Frequently Asked Questions (FAQ)&#8221; module_class=&#8221;top-page-title&#8221; _builder_version=&#8221;4.27.5&#8243; _module_preset=&#8221;default&#8221; custom_margin=&#8221;||0px||false|false&#8221; custom_padding=&#8221;||0px||false|false&#8221; global_colors_info=&#8221;{}&#8221;][\/et_pb_heading][\/et_pb_column][\/et_pb_row][\/et_pb_section][et_pb_section fb_built=&#8221;1&#8243; _builder_version=&#8221;4.27.4&#8243; _module_preset=&#8221;default&#8221; custom_padding=&#8221;34px|||||&#8221; global_colors_info=&#8221;{}&#8221;][et_pb_row _builder_version=&#8221;4.27.5&#8243; _module_preset=&#8221;default&#8221; custom_margin=&#8221;-6px|auto||auto||&#8221; global_colors_info=&#8221;{}&#8221;][et_pb_column type=&#8221;4_4&#8243; _builder_version=&#8221;4.27.5&#8243; _module_preset=&#8221;default&#8221; global_colors_info=&#8221;{}&#8221;][et_pb_heading title=&#8221;Primers&#8221; _builder_version=&#8221;4.27.5&#8243; _module_preset=&#8221;default&#8221; title_level=&#8221;h3&#8243; global_colors_info=&#8221;{}&#8221;][\/et_pb_heading][et_pb_accordion toggle_icon=&#8221;&#x43;||divi||400&#8243; admin_label=&#8221;Alapoz\u00f3k&#8221; module_class=&#8221;gyik-harmonika&#8221; _builder_version=&#8221;4.27.5&#8243; _module_preset=&#8221;default&#8221; global_colors_info=&#8221;{}&#8221;][et_pb_accordion_item title=&#8221;Why should I use a primer?&#8221; open=&#8221;on&#8221; _builder_version=&#8221;4.27.5&#8243; _module_preset=&#8221;default&#8221; global_colors_info=&#8221;{}&#8221;]<\/p>\n<p><span>Primers are formulated for bonding porous and disintegrating parts of mineral substrates, walls and floor systems, thus improving the adhesion of the surface. By closing up the pores in substrates it considerably reduces and balances the hygroscopic properties of the surface in absorbent areas, and prevents gypsum-based plasters and skimming plasters from burning out. It can be applied over mineral substrates and dispersion paints as a protective coat in interior areas.  <\/span><\/p>\n<p>[\/et_pb_accordion_item][\/et_pb_accordion][et_pb_heading title=&#8221;Floor screeds&#8221; _builder_version=&#8221;4.27.5&#8243; _module_preset=&#8221;default&#8221; title_level=&#8221;h3&#8243; global_colors_info=&#8221;{}&#8221;][\/et_pb_heading][et_pb_accordion toggle_icon=&#8221;&#x43;||divi||400&#8243; admin_label=&#8221;Aljzatkiegyenl\u00edt\u0151k&#8221; module_class=&#8221;gyik-harmonika&#8221; _builder_version=&#8221;4.27.5&#8243; _module_preset=&#8221;default&#8221; global_colors_info=&#8221;{}&#8221;][et_pb_accordion_item title=&#8221; How long does it take for \u201dSz\u00e9ria\u201d to set to light foot traffic and what is the waiting time before subsequent bonding&#8221; open=&#8221;on&#8221; _builder_version=&#8221;4.27.5&#8243; _module_preset=&#8221;default&#8221; global_colors_info=&#8221;{}&#8221;]<\/p>\n<p>It depends on the thicknesses applied and on the ambient conditions (e.g. temperature, humidity), generally in about 8 hours the surface sets to light foot traffic and is ready for finishing in about 24 hours. <\/p>\n<p>[\/et_pb_accordion_item][et_pb_accordion_item title=&#8221;How does an anhydrite-base floor screed differ from a cement-base floor screed?&#8221; _builder_version=&#8221;4.27.5&#8243; _module_preset=&#8221;default&#8221; global_colors_info=&#8221;{}&#8221; open=&#8221;off&#8221;]<\/p>\n<p>The anhydrite (calcium sulphate) base floor screed has better spreading properties. In the hardening process significantly less tension occurs and remains in the finished substrate, hence the resulting surface is practically tension-free and will not crack even applied sparingly, and it is suitable for areas subject to wheel chairs in thicknesses of 2 mm and above. <\/p>\n<p>[\/et_pb_accordion_item][et_pb_accordion_item title=&#8221;Can I use lightweight estrich in rooms with underfloor heating systems?&#8221; _builder_version=&#8221;4.27.5&#8243; _module_preset=&#8221;default&#8221; global_colors_info=&#8221;{}&#8221; open=&#8221;off&#8221;]<\/p>\n<p><span>Yes, but the heating must not be turned on for 10 days after the application.<\/span><\/p>\n<p>[\/et_pb_accordion_item][et_pb_accordion_item title=&#8221;Can I use \u201cSz\u00e9ria\u201d self-levelling floor screed for thicknesses over 15 mm?&#8221; _builder_version=&#8221;4.27.5&#8243; _module_preset=&#8221;default&#8221; global_colors_info=&#8221;{}&#8221; open=&#8221;off&#8221;]<\/p>\n<p>Yes, it can be used for thicknesses over 15 mm if spread in a single coat, but for levelling thicknesses over 10 mm \u201dSz\u00e9ria\u201d lightweight estrich is more cost effective, which has the same technical properties as the self-levelling floor screed for thicknesses between 2-15 mm for a considerably lower price.<\/p>\n<p>[\/et_pb_accordion_item][\/et_pb_accordion][et_pb_heading title=&#8221;Plasters&#8221; _builder_version=&#8221;4.27.5&#8243; _module_preset=&#8221;default&#8221; title_level=&#8221;h3&#8243; global_colors_info=&#8221;{}&#8221;][\/et_pb_heading][et_pb_accordion toggle_icon=&#8221;&#x43;||divi||400&#8243; admin_label=&#8221;Glettek&#8221; module_class=&#8221;gyik-harmonika&#8221; _builder_version=&#8221;4.27.5&#8243; _module_preset=&#8221;default&#8221; global_colors_info=&#8221;{}&#8221;][et_pb_accordion_item title=&#8221;Can Sz\u00e9ria-Glett be used over wall heating systems?&#8221; open=&#8221;on&#8221; _builder_version=&#8221;4.27.5&#8243; _module_preset=&#8221;default&#8221; global_colors_info=&#8221;{}&#8221;]Yes, but for highly absorbent surfaces it must be primed before skim coating in order to avoid cracks from forming.[\/et_pb_accordion_item][et_pb_accordion_item title=&#8221;Can I use Sz\u00e9ria-Glett applied in a single coat on thicknesses over 10 mm?&#8221; _builder_version=&#8221;4.27.5&#8243; _module_preset=&#8221;default&#8221; global_colors_info=&#8221;{}&#8221; open=&#8221;off&#8221;]Theoretically yes, however, cracks are more likely to occur on surfaces of thicknesses over 10 mm if applied in a single coat. For such thicknesses Sz\u00e9ria-Vakolat mortar in 6-40 mm thicknesses appears a more economical choice.[\/et_pb_accordion_item][et_pb_accordion_item title=&#8221;Can I use Sz\u00e9ria-Glett for plasterboard joints?&#8221; _builder_version=&#8221;4.27.5&#8243; _module_preset=&#8221;default&#8221; global_colors_info=&#8221;{}&#8221; open=&#8221;off&#8221;]Yes, but drywall joint tape must be used in all cases.[\/et_pb_accordion_item][et_pb_accordion_item title=&#8221;Can I use skimming plaster on surfaces coated with dispersion paint?&#8221; _builder_version=&#8221;4.27.5&#8243; _module_preset=&#8221;default&#8221; global_colors_info=&#8221;{}&#8221; open=&#8221;off&#8221;]<\/p>\n<p><span>No. Film-forming substances, such as dispersion paint, must be removed before skim coating. <\/span><\/p>\n<p>[\/et_pb_accordion_item][et_pb_accordion_item title=&#8221;Can I apply Sz\u00e9ria-Glett over Ytong wall surfaces?&#8221; _builder_version=&#8221;4.27.5&#8243; _module_preset=&#8221;default&#8221; global_colors_info=&#8221;{}&#8221; open=&#8221;off&#8221;]<\/p>\n<p><span>Sz\u00e9ria-Glett works very well for plastering Ytong walls, however, the surface should be primed first.<\/span><\/p>\n<p>[\/et_pb_accordion_item][et_pb_accordion_item title=&#8221;Can I apply limewash over skimming plaster?&#8221; _builder_version=&#8221;4.27.5&#8243; _module_preset=&#8221;default&#8221; global_colors_info=&#8221;{}&#8221; open=&#8221;off&#8221;]<\/p>\n<p><span>Theoretically it\u2019s possible, however, you should coat the plastered surface with a primer recommended by the manufacturer of the limewash. The primer should be used in all cases! <\/span><\/p>\n<p>[\/et_pb_accordion_item][et_pb_accordion_item title=&#8221;Can I apply skimming plaster over limewash?&#8221; _builder_version=&#8221;4.27.5&#8243; _module_preset=&#8221;default&#8221; global_colors_info=&#8221;{}&#8221; open=&#8221;off&#8221;]<\/p>\n<p><span>Never apply Sz\u00e9ria-Glett over calcareous surfaces of any kind. Before plastering, sand the calcareous surface thoroughly and apply a coat of primer. <\/span><\/p>\n<p>[\/et_pb_accordion_item][\/et_pb_accordion][et_pb_heading title=&#8221;Jointing fillers&#8221; _builder_version=&#8221;4.27.5&#8243; _module_preset=&#8221;default&#8221; title_level=&#8221;h3&#8243; global_colors_info=&#8221;{}&#8221;][\/et_pb_heading][et_pb_accordion toggle_icon=&#8221;&#x43;||divi||400&#8243; admin_label=&#8221;H\u00e9zagol\u00f3 anyagok&#8221; module_class=&#8221;gyik-harmonika&#8221; _builder_version=&#8221;4.27.5&#8243; _module_preset=&#8221;default&#8221; hover_enabled=&#8221;0&#8243; global_colors_info=&#8221;{}&#8221; sticky_enabled=&#8221;0&#8243;][et_pb_accordion_item title=&#8221;Can I use Sz\u00e9ria-H\u00e9zagol\u00f3 Jointing Filler for smoothing the surfaces of plasterboards?&#8221; open=&#8221;on&#8221; _builder_version=&#8221;4.27.5&#8243; _module_preset=&#8221;default&#8221; hover_enabled=&#8221;0&#8243; global_colors_info=&#8221;{}&#8221; sticky_enabled=&#8221;0&#8243;]<\/p>\n<p>If extra hard and solid surface is required Sz\u00e9ria-H\u00e9zagol\u00f3 Jointing Filler is expressly recommended for skimming plasterboard surfaces. Under normal circumstances, however, Sz\u00e9ria-Glett should be enough and it is also more cost effective. <\/p>\n<p>[\/et_pb_accordion_item][et_pb_accordion_item title=&#8221;Is it true that extra skimming over the joints is usually not necessary when using a glass fibre joint filler compound?&#8221; _builder_version=&#8221;4.27.5&#8243; _module_preset=&#8221;default&#8221; global_colors_info=&#8221;{}&#8221; open=&#8221;off&#8221;]Generally speaking yes, glass and cellulose fibre reinforced plaster contains a high percentage of alpha-plaster, which does not shrink when dry, thus the material filled into the gaps and grouts fills the space completely, and it does not shrink when it gets hard.<br \/>\nOn the other hand, extra skimming can be spared only if no drywall joint tape had been used. Extra skimming may be necessary if drywall joint tape is used.[\/et_pb_accordion_item][et_pb_accordion_item title=&#8221;Is it necessary to use drywall joint tape for glass fibre enforced joint filler compound?&#8221; _builder_version=&#8221;4.27.5&#8243; _module_preset=&#8221;default&#8221; global_colors_info=&#8221;{}&#8221; open=&#8221;off&#8221;]Not necessarily if the support structure of the plasterboard walls meet static requirements, and if the manufacturer\u2019s instructions for the hanging of plasterboards are duly observed. Special attention should paid to making sure that the boards are properly aligned, to adequate support, screwing, and the quality of trimming and smoothing of the edges where the boards are cut or split.[\/et_pb_accordion_item][\/et_pb_accordion][et_pb_heading title=&#8221;Plasters of paris&#8221; _builder_version=&#8221;4.27.5&#8243; _module_preset=&#8221;default&#8221; title_level=&#8221;h3&#8243; global_colors_info=&#8221;{}&#8221;][\/et_pb_heading][et_pb_accordion toggle_icon=&#8221;&#x43;||divi||400&#8243; admin_label=&#8221;Modellgipszek&#8221; module_class=&#8221;gyik-harmonika&#8221; _builder_version=&#8221;4.27.5&#8243; _module_preset=&#8221;default&#8221; global_colors_info=&#8221;{}&#8221;][et_pb_accordion_item title=&#8221;Can I use Keramod 125 plaster of Paris for making ceramics, for example for thin-walled structures?&#8221; open=&#8221;on&#8221; _builder_version=&#8221;4.27.5&#8243; _module_preset=&#8221;default&#8221; global_colors_info=&#8221;{}&#8221;]<\/p>\n<p><span>Keramod 125 plaster of Paris can be used for making a wide range of ceramics. To complement its broad spectrum of uses we also recommend our casting plaster products for use besides Keramod 125, which provide an ideal solution for every need in ceramics production. Please consult the manufacturer or the distributor.  <\/span><\/p>\n<p>[\/et_pb_accordion_item][et_pb_accordion_item title=&#8221;What is the setting time of Keramod 125 plaster of Paris?&#8221; _builder_version=&#8221;4.27.5&#8243; _module_preset=&#8221;default&#8221; global_colors_info=&#8221;{}&#8221; open=&#8221;off&#8221;]It does not have a specific setting time. According to MSZ 57:1977, the beginning of the setting time must be over 6 minutes, and the end of the setting time must be under 20 minutes. Naturally, if required, it can be arranged that the plaster of Paris has the same setting time within that time frame every time it is used.[\/et_pb_accordion_item][\/et_pb_accordion][et_pb_heading title=&#8221;Plasterboard adhesive compound and gypsum binders&#8221; _builder_version=&#8221;4.27.5&#8243; _module_preset=&#8221;default&#8221; title_level=&#8221;h3&#8243; global_colors_info=&#8221;{}&#8221;][\/et_pb_heading][et_pb_accordion toggle_icon=&#8221;&#x43;||divi||400&#8243; admin_label=&#8221;Ragaszt\u00f3- \u00e9s szerel\u00f5gipszek&#8221; module_class=&#8221;gyik-harmonika&#8221; _builder_version=&#8221;4.27.5&#8243; _module_preset=&#8221;default&#8221; global_colors_info=&#8221;{}&#8221;][et_pb_accordion_item title=&#8221;How does gypsum binder differ from gypsum plaster?&#8221; open=&#8221;on&#8221; _builder_version=&#8221;4.27.5&#8243; _module_preset=&#8221;default&#8221; global_colors_info=&#8221;{}&#8221;]Gypsum binder is superior in every technical respect, and in quality and the structural plasters are available on the internal market. It is a fast setting (8 minutes), white binding plaster specifically formulated for installation and fastening works in various areas for building and construction, such as electrical installation. It is also suitable for repairs around the houseand for repairs before painting.[\/et_pb_accordion_item][et_pb_accordion_item title=&#8221;Can the plasterboard adhesive compound only be used for plasterboards or is it good for fixing other building components as well, such as stucco ornaments?&#8221; _builder_version=&#8221;4.27.5&#8243; _module_preset=&#8221;default&#8221; global_colors_info=&#8221;{}&#8221; open=&#8221;off&#8221;]The plasterboard adhesive compound is specially formulated drywall adhesive, which is perfectly suitable for attaching plasterboards, gypsum fibre boards (fermacell) and other gypsum boards to solid surfaces. However, it is not recommended for fixing stucco ornaments. For fixing stucco ornaments we have another gypsum-bearing product specifically formulated for that purpose. If interested, please contact our customer service.[\/et_pb_accordion_item][\/et_pb_accordion][et_pb_heading title=&#8221;Mortars&#8221; _builder_version=&#8221;4.27.5&#8243; _module_preset=&#8221;default&#8221; title_level=&#8221;h3&#8243; global_colors_info=&#8221;{}&#8221;][\/et_pb_heading][et_pb_accordion toggle_icon=&#8221;&#x43;||divi||400&#8243; admin_label=&#8221;Vakolatok&#8221; module_class=&#8221;gyik-harmonika&#8221; _builder_version=&#8221;4.27.5&#8243; _module_preset=&#8221;default&#8221; global_colors_info=&#8221;{}&#8221;][et_pb_accordion_item title=&#8221;Can I use Sz\u00e9ria-Vakolat mortar in thicknesses of less than 6 mm?&#8221; open=&#8221;on&#8221; _builder_version=&#8221;4.27.5&#8243; _module_preset=&#8221;default&#8221; global_colors_info=&#8221;{}&#8221;]No, because in thicknesses below 6 mm cracks are more likely to form.[\/et_pb_accordion_item][et_pb_accordion_item title=&#8221;Do I have to skim coat over Sz\u00e9ria-Vakolat mortar?&#8221; _builder_version=&#8221;4.27.5&#8243; _module_preset=&#8221;default&#8221; global_colors_info=&#8221;{}&#8221; open=&#8221;off&#8221;]Sz\u00e9ria-Vakolat mortar can also be used as a skimming plaster. In that case it is usually not necessary to skim coat the surface, since it can be painted or wallpapered without skim coating if done properly.[\/et_pb_accordion_item][\/et_pb_accordion][\/et_pb_column][\/et_pb_row][\/et_pb_section]<\/p>\n","protected":false},"excerpt":{"rendered":"<p>Are you looking for useful information and practical advice on the professional use of construction gypsum? Our Frequently Asked Questions (FAQ) page contains the most important information, from product storage to correct mixing ratios and drying times. Find quick answers to your technical questions and ensure flawless workmanship with the help of our professional guide.  <\/p>\n","protected":false},"author":1,"featured_media":0,"parent":1519,"menu_order":0,"comment_status":"closed","ping_status":"closed","template":"","meta":{"_acf_changed":false,"_et_pb_use_builder":"on","_et_pb_old_content":"","_et_gb_content_width":"","footnotes":""},"class_list":["post-1489","page","type-page","status-publish","hentry"],"acf":[],"_links":{"self":[{"href":"https:\/\/epitesigipszek.hu\/en\/wp-json\/wp\/v2\/pages\/1489","targetHints":{"allow":["GET"]}}],"collection":[{"href":"https:\/\/epitesigipszek.hu\/en\/wp-json\/wp\/v2\/pages"}],"about":[{"href":"https:\/\/epitesigipszek.hu\/en\/wp-json\/wp\/v2\/types\/page"}],"author":[{"embeddable":true,"href":"https:\/\/epitesigipszek.hu\/en\/wp-json\/wp\/v2\/users\/1"}],"replies":[{"embeddable":true,"href":"https:\/\/epitesigipszek.hu\/en\/wp-json\/wp\/v2\/comments?post=1489"}],"version-history":[{"count":2,"href":"https:\/\/epitesigipszek.hu\/en\/wp-json\/wp\/v2\/pages\/1489\/revisions"}],"predecessor-version":[{"id":1491,"href":"https:\/\/epitesigipszek.hu\/en\/wp-json\/wp\/v2\/pages\/1489\/revisions\/1491"}],"up":[{"embeddable":true,"href":"https:\/\/epitesigipszek.hu\/en\/wp-json\/wp\/v2\/pages\/1519"}],"wp:attachment":[{"href":"https:\/\/epitesigipszek.hu\/en\/wp-json\/wp\/v2\/media?parent=1489"}],"curies":[{"name":"wp","href":"https:\/\/api.w.org\/{rel}","templated":true}]}}