{"id":374,"date":"2025-12-16T01:02:51","date_gmt":"2025-12-16T01:02:51","guid":{"rendered":"https:\/\/epitesigipszek.hu\/?post_type=product&#038;p=374"},"modified":"2025-12-16T03:46:01","modified_gmt":"2025-12-16T03:46:01","slug":"aalborg-white-d-carb-danischer-weiszement-cem-ii-a-ll-525r","status":"publish","type":"product","link":"https:\/\/epitesigipszek.hu\/de\/termek\/aalborg-white-d-carb-danischer-weiszement-cem-ii-a-ll-525r\/","title":{"rendered":"AALBORG WHITE D-Carb d\u00e4nischer Wei\u00dfzement (CEM II\/A-LL 52,5R)"},"content":{"rendered":"<p><strong>Hohe Leistung, geringer CO<sub>2<\/sub>-Fu\u00dfabdruck.<\/strong><\/p>\n<p style=\"text-align: justify;\">Mit seinen hohen Leistungsstandards und seiner konsistenten Rheologie verbessert D-Carb die \u00c4sthetik der Architektur und eignet sich besonders f\u00fcr nass gegossenen Beton mit glatter Oberfl\u00e4che und komplizierten Oberfl\u00e4chen. Sein extrem niedriger Alkali- und Chloridgehalt sorgt f\u00fcr zuverl\u00e4ssige Qualit\u00e4t und Dauerhaftigkeit, w\u00e4hrend die hervorragende Synergie mit den Zusatzmitteln eine optimale Leistung der Endprodukte gew\u00e4hrleistet. Dar\u00fcber hinaus erm\u00f6glicht seine bemerkenswert hohe Fr\u00fchfestigkeit die Einhaltung knapper Bauzeitvorgaben.<\/p>\n<ul>\n<li style=\"text-align: justify;\">Bemerkenswert hohe Fr\u00fchfestigkeit.<\/li>\n<li style=\"text-align: justify;\">Hoher Wei\u00dfgrad durch sorgf\u00e4ltige Auswahl von reinen, leichten und leicht verf\u00fcgbaren Kalksteinen.<\/li>\n<li style=\"text-align: justify;\">Verbesserte und gleichm\u00e4\u00dfige Rheologie, die sich perfekt f\u00fcr die Herstellung glatter Oberfl\u00e4chen und komplexer Oberfl\u00e4chen eignet.<\/li>\n<li style=\"text-align: justify;\">Extrem niedriger Alkali- und Chloridgehalt, der auf den einzigartigen Aalborg White\u00ae Klinker zur\u00fcckzuf\u00fchren ist.<\/li>\n<\/ul>\n<p><!--more--><strong>Packungsgr\u00f6\u00dfen:<\/strong><\/p>\n<table cellspacing=\"0\" cellpadding=\"0\">\n<tbody>\n<tr>\n<td>1 x<\/td>\n<td>25 kg<\/td>\n<td>60 St.\/Palette<\/td>\n<\/tr>\n<tr>\n<td>&#8211;<\/td>\n<td>lose<\/td>\n<td>in Silo<\/td>\n<\/tr>\n<\/tbody>\n<\/table>\n<p>&nbsp;<\/p>\n","protected":false},"excerpt":{"rendered":"<p>Hohe Leistung, geringer CO2-Fu\u00dfabdruck. Mit seinen hohen Leistungsstandards und seiner konsistenten Rheologie verbessert D-Carb die \u00c4sthetik der Architektur und eignet sich besonders f\u00fcr nass gegossenen Beton mit glatter Oberfl\u00e4che und komplizierten Oberfl\u00e4chen. Sein extrem niedriger Alkali- und Chloridgehalt sorgt f\u00fcr zuverl\u00e4ssige Qualit\u00e4t und Dauerhaftigkeit, w\u00e4hrend die hervorragende Synergie mit den Zusatzmitteln eine optimale Leistung der [&hellip;]<\/p>\n","protected":false},"featured_media":412,"template":"","meta":{"_acf_changed":false,"_et_pb_use_builder":"","_et_pb_old_content":"","_et_gb_content_width":""},"product_brand":[],"product_cat":[58],"product_tag":[],"class_list":{"0":"post-374","1":"product","2":"type-product","3":"status-publish","4":"has-post-thumbnail","6":"product_cat-weiszemente","8":"first","9":"instock","10":"featured","11":"shipping-taxable","12":"product-type-simple"},"acf":[],"_links":{"self":[{"href":"https:\/\/epitesigipszek.hu\/de\/wp-json\/wp\/v2\/product\/374","targetHints":{"allow":["GET"]}}],"collection":[{"href":"https:\/\/epitesigipszek.hu\/de\/wp-json\/wp\/v2\/product"}],"about":[{"href":"https:\/\/epitesigipszek.hu\/de\/wp-json\/wp\/v2\/types\/product"}],"wp:featuredmedia":[{"embeddable":true,"href":"https:\/\/epitesigipszek.hu\/de\/wp-json\/wp\/v2\/media\/412"}],"wp:attachment":[{"href":"https:\/\/epitesigipszek.hu\/de\/wp-json\/wp\/v2\/media?parent=374"}],"wp:term":[{"taxonomy":"product_brand","embeddable":true,"href":"https:\/\/epitesigipszek.hu\/de\/wp-json\/wp\/v2\/product_brand?post=374"},{"taxonomy":"product_cat","embeddable":true,"href":"https:\/\/epitesigipszek.hu\/de\/wp-json\/wp\/v2\/product_cat?post=374"},{"taxonomy":"product_tag","embeddable":true,"href":"https:\/\/epitesigipszek.hu\/de\/wp-json\/wp\/v2\/product_tag?post=374"}],"curies":[{"name":"wp","href":"https:\/\/api.w.org\/{rel}","templated":true}]}}