{"id":371,"date":"2025-12-16T01:02:45","date_gmt":"2025-12-16T01:02:45","guid":{"rendered":"https:\/\/epitesigipszek.hu\/?post_type=product&#038;p=371"},"modified":"2025-12-16T03:46:01","modified_gmt":"2025-12-16T03:46:01","slug":"anhydrit-raddipur-thermischer-anhydrit","status":"publish","type":"product","link":"https:\/\/epitesigipszek.hu\/de\/termek\/anhydrit-raddipur-thermischer-anhydrit\/","title":{"rendered":"Anhydrit &#8211; Raddipur (Thermischer Anhydrit)"},"content":{"rendered":"<p style=\"text-align: justify;\">RADDIPUR ist Calciumsulfat und wird als thermischer Anhydrit auf Basis von REA-Gips erzeugt. RADDIPUR wird in einer zirkulierenden Wirbelschichtanlage kalziniert und nachfolgend vermahlen. Der Produktionsprozess garantiert hohe Gleichm\u00e4\u00dfigkeit und einen sehr geringen Freikalkgehalt. RADDIPUR enth\u00e4lt keine Zus\u00e4tze. Seine Hauptanwendungen findet RADDIPUR als Estrichbindemittel und in Formulierungen der Bauchemie.<\/p>\n<p><!--more--><strong>Packungsgr\u00f6\u00dfen:<\/strong><\/p>\n<table cellspacing=\"0\" cellpadding=\"0\">\n<tbody>\n<tr>\n<td>1 x<\/td>\n<td>25 kg<\/td>\n<td>40 St.\/Palette<\/td>\n<\/tr>\n<tr>\n<td>&#8211;<\/td>\n<td>lose<\/td>\n<td>in Big-bag<\/td>\n<\/tr>\n<tr>\n<td>&#8211;<\/td>\n<td>lose<\/td>\n<td>in Silo<\/td>\n<\/tr>\n<\/tbody>\n<\/table>\n","protected":false},"excerpt":{"rendered":"<p>RADDIPUR ist Calciumsulfat und wird als thermischer Anhydrit auf Basis von REA-Gips erzeugt. RADDIPUR wird in einer zirkulierenden Wirbelschichtanlage kalziniert und nachfolgend vermahlen. Der Produktionsprozess garantiert hohe Gleichm\u00e4\u00dfigkeit und einen sehr geringen Freikalkgehalt. RADDIPUR enth\u00e4lt keine Zus\u00e4tze. Seine Hauptanwendungen findet RADDIPUR als Estrichbindemittel und in Formulierungen der Bauchemie.<\/p>\n","protected":false},"featured_media":2061,"template":"","meta":{"_acf_changed":false,"_et_pb_use_builder":"","_et_pb_old_content":"","_et_gb_content_width":""},"product_brand":[],"product_cat":[70],"product_tag":[],"class_list":{"0":"post-371","1":"product","2":"type-product","3":"status-publish","4":"has-post-thumbnail","6":"product_cat-spezialgipse","8":"first","9":"instock","10":"shipping-taxable","11":"product-type-simple"},"acf":[],"_links":{"self":[{"href":"https:\/\/epitesigipszek.hu\/de\/wp-json\/wp\/v2\/product\/371","targetHints":{"allow":["GET"]}}],"collection":[{"href":"https:\/\/epitesigipszek.hu\/de\/wp-json\/wp\/v2\/product"}],"about":[{"href":"https:\/\/epitesigipszek.hu\/de\/wp-json\/wp\/v2\/types\/product"}],"wp:featuredmedia":[{"embeddable":true,"href":"https:\/\/epitesigipszek.hu\/de\/wp-json\/wp\/v2\/media\/2061"}],"wp:attachment":[{"href":"https:\/\/epitesigipszek.hu\/de\/wp-json\/wp\/v2\/media?parent=371"}],"wp:term":[{"taxonomy":"product_brand","embeddable":true,"href":"https:\/\/epitesigipszek.hu\/de\/wp-json\/wp\/v2\/product_brand?post=371"},{"taxonomy":"product_cat","embeddable":true,"href":"https:\/\/epitesigipszek.hu\/de\/wp-json\/wp\/v2\/product_cat?post=371"},{"taxonomy":"product_tag","embeddable":true,"href":"https:\/\/epitesigipszek.hu\/de\/wp-json\/wp\/v2\/product_tag?post=371"}],"curies":[{"name":"wp","href":"https:\/\/api.w.org\/{rel}","templated":true}]}}