{"id":360,"date":"2025-12-16T01:02:32","date_gmt":"2025-12-16T01:02:32","guid":{"rendered":"https:\/\/epitesigipszek.hu\/?post_type=product&#038;p=360"},"modified":"2025-12-16T03:46:02","modified_gmt":"2025-12-16T03:46:02","slug":"floorliner-ak-fliess-spachtel","status":"publish","type":"product","link":"https:\/\/epitesigipszek.hu\/de\/termek\/floorliner-ak-fliess-spachtel\/","title":{"rendered":"floorliner AK &#8211; FLIESS-SPACHTEL"},"content":{"rendered":"<p>Auf Anhydrit-Basis, f\u00fcr manuelle und maschinelle Verarbeitung von 2 bis 15 mm Dicke.<\/p>\n<ul class=\"\">\n<li>F\u00fcr Bel\u00e4ge aller Art in Innenr\u00e4umen verwendbar<\/li>\n<li><i>Auch bei Fu\u00dfbodenheizung verwendbar!<\/i><\/li>\n<li>Ca. nach 8 Stunden begehbar, nach 24 Stunden kann gefliesst werden<\/li>\n<\/ul>\n<p><!--more--> <strong>Packungsgr\u00f6\u00dfen:<\/strong><\/p>\n<table cellspacing=\"0\" cellpadding=\"0\">\n<tbody>\n<tr>\n<td>1 x<\/td>\n<td>25 kg<\/td>\n<td>42 St.\/Palette<\/td>\n<\/tr>\n<\/tbody>\n<\/table>\n<p>&nbsp;<\/p>\n","protected":false},"excerpt":{"rendered":"<p>Auf Anhydrit-Basis, f\u00fcr manuelle und maschinelle Verarbeitung von 2 bis 15 mm Dicke. F\u00fcr Bel\u00e4ge aller Art in Innenr\u00e4umen verwendbar Auch bei Fu\u00dfbodenheizung verwendbar! Ca. nach 8 Stunden begehbar, nach 24 Stunden kann gefliesst werden<\/p>\n","protected":false},"featured_media":406,"template":"","meta":{"_acf_changed":false,"_et_pb_use_builder":"","_et_pb_old_content":"","_et_gb_content_width":""},"product_brand":[],"product_cat":[54],"product_tag":[],"class_list":{"0":"post-360","1":"product","2":"type-product","3":"status-publish","4":"has-post-thumbnail","6":"product_cat-fliesspachtel","8":"first","9":"instock","10":"shipping-taxable","11":"product-type-simple"},"acf":[],"_links":{"self":[{"href":"https:\/\/epitesigipszek.hu\/de\/wp-json\/wp\/v2\/product\/360","targetHints":{"allow":["GET"]}}],"collection":[{"href":"https:\/\/epitesigipszek.hu\/de\/wp-json\/wp\/v2\/product"}],"about":[{"href":"https:\/\/epitesigipszek.hu\/de\/wp-json\/wp\/v2\/types\/product"}],"wp:featuredmedia":[{"embeddable":true,"href":"https:\/\/epitesigipszek.hu\/de\/wp-json\/wp\/v2\/media\/406"}],"wp:attachment":[{"href":"https:\/\/epitesigipszek.hu\/de\/wp-json\/wp\/v2\/media?parent=360"}],"wp:term":[{"taxonomy":"product_brand","embeddable":true,"href":"https:\/\/epitesigipszek.hu\/de\/wp-json\/wp\/v2\/product_brand?post=360"},{"taxonomy":"product_cat","embeddable":true,"href":"https:\/\/epitesigipszek.hu\/de\/wp-json\/wp\/v2\/product_cat?post=360"},{"taxonomy":"product_tag","embeddable":true,"href":"https:\/\/epitesigipszek.hu\/de\/wp-json\/wp\/v2\/product_tag?post=360"}],"curies":[{"name":"wp","href":"https:\/\/api.w.org\/{rel}","templated":true}]}}