{"id":357,"date":"2025-12-16T01:02:31","date_gmt":"2025-12-16T01:02:31","guid":{"rendered":"https:\/\/epitesigipszek.hu\/?post_type=product&#038;p=357"},"modified":"2025-12-16T03:46:02","modified_gmt":"2025-12-16T03:46:02","slug":"rohoznik-white-slowakischer-weiszement","status":"publish","type":"product","link":"https:\/\/epitesigipszek.hu\/de\/termek\/rohoznik-white-slowakischer-weiszement\/","title":{"rendered":"ROHOZNIK WHITE slowakischer Wei\u00dfzement"},"content":{"rendered":"<p>Slowakischer Wei\u00dfzement in CEM I 52,5 N Qualit\u00e4t.<\/p>\n<ul class=\"\">\n<li>F\u00fcr die Herstellung von Edelputz<\/li>\n<li>F\u00fcr die Herstellung von Klebem\u00f6rtel<\/li>\n<li>F\u00fcr die Herstellung von Blocksplatten<\/li>\n<li>F\u00fcr Gartenbau, Bildhauerei<\/li>\n<\/ul>\n<p><!--more--> <strong>Packungsgr\u00f6\u00dfen:<\/strong><\/p>\n<table cellspacing=\"0\" cellpadding=\"0\">\n<tbody>\n<tr>\n<td>1 x<\/td>\n<td>25 kg<\/td>\n<td>48 St.\/Palette<\/td>\n<\/tr>\n<tr>\n<td>&#8211;<\/td>\n<td>lose<\/td>\n<td>in Silo<\/td>\n<\/tr>\n<\/tbody>\n<\/table>\n<p>&nbsp;<\/p>\n","protected":false},"excerpt":{"rendered":"<p>Slowakischer Wei\u00dfzement in CEM I 52,5 N Qualit\u00e4t. F\u00fcr die Herstellung von Edelputz F\u00fcr die Herstellung von Klebem\u00f6rtel F\u00fcr die Herstellung von Blocksplatten F\u00fcr Gartenbau, Bildhauerei<\/p>\n","protected":false},"featured_media":405,"template":"","meta":{"_acf_changed":false,"_et_pb_use_builder":"","_et_pb_old_content":"","_et_gb_content_width":""},"product_brand":[],"product_cat":[58],"product_tag":[],"class_list":{"0":"post-357","1":"product","2":"type-product","3":"status-publish","4":"has-post-thumbnail","6":"product_cat-weiszemente","8":"first","9":"instock","10":"shipping-taxable","11":"product-type-simple"},"acf":[],"_links":{"self":[{"href":"https:\/\/epitesigipszek.hu\/de\/wp-json\/wp\/v2\/product\/357","targetHints":{"allow":["GET"]}}],"collection":[{"href":"https:\/\/epitesigipszek.hu\/de\/wp-json\/wp\/v2\/product"}],"about":[{"href":"https:\/\/epitesigipszek.hu\/de\/wp-json\/wp\/v2\/types\/product"}],"wp:featuredmedia":[{"embeddable":true,"href":"https:\/\/epitesigipszek.hu\/de\/wp-json\/wp\/v2\/media\/405"}],"wp:attachment":[{"href":"https:\/\/epitesigipszek.hu\/de\/wp-json\/wp\/v2\/media?parent=357"}],"wp:term":[{"taxonomy":"product_brand","embeddable":true,"href":"https:\/\/epitesigipszek.hu\/de\/wp-json\/wp\/v2\/product_brand?post=357"},{"taxonomy":"product_cat","embeddable":true,"href":"https:\/\/epitesigipszek.hu\/de\/wp-json\/wp\/v2\/product_cat?post=357"},{"taxonomy":"product_tag","embeddable":true,"href":"https:\/\/epitesigipszek.hu\/de\/wp-json\/wp\/v2\/product_tag?post=357"}],"curies":[{"name":"wp","href":"https:\/\/api.w.org\/{rel}","templated":true}]}}