{"id":348,"date":"2025-12-16T01:02:23","date_gmt":"2025-12-16T01:02:23","guid":{"rendered":"https:\/\/epitesigipszek.hu\/?post_type=product&#038;p=348"},"modified":"2025-12-16T03:46:03","modified_gmt":"2025-12-16T03:46:03","slug":"elektrikergips","status":"publish","type":"product","link":"https:\/\/epitesigipszek.hu\/de\/termek\/elektrikergips\/","title":{"rendered":"Elektrikergips"},"content":{"rendered":"<p>Schnellbindender Befestigungsgips.<\/p>\n<ul class=\"\">\n<li>F\u00fcr gewerbliche Montage- und Fixierungsarbeiten<\/li>\n<li>F\u00fcr handwerkliche Nutzung im Haushalt und Hobbybereich<\/li>\n<li>Nach 8 Minuten aush\u00e4rtend!<\/li>\n<\/ul>\n<p><!--more--> <strong>Packungsgr\u00f6\u00dfen:<\/strong><\/p>\n<table cellspacing=\"0\" cellpadding=\"0\">\n<tbody>\n<tr>\n<td>1 x<\/td>\n<td>20 kg<\/td>\n<td>54 St.\/Palette<\/td>\n<\/tr>\n<tr>\n<td>1 x<\/td>\n<td>5 kg<\/td>\n<td>192 St.\/Palette<\/td>\n<\/tr>\n<\/tbody>\n<\/table>\n<p>&nbsp;<\/p>\n","protected":false},"excerpt":{"rendered":"<p>Schnellbindender Befestigungsgips. F\u00fcr gewerbliche Montage- und Fixierungsarbeiten F\u00fcr handwerkliche Nutzung im Haushalt und Hobbybereich Nach 8 Minuten aush\u00e4rtend!<\/p>\n","protected":false},"featured_media":402,"template":"","meta":{"_acf_changed":false,"_et_pb_use_builder":"","_et_pb_old_content":"","_et_gb_content_width":""},"product_brand":[],"product_cat":[72],"product_tag":[],"class_list":{"0":"post-348","1":"product","2":"type-product","3":"status-publish","4":"has-post-thumbnail","6":"product_cat-stuck-und-elektrikergipse","8":"first","9":"instock","10":"shipping-taxable","11":"product-type-simple"},"acf":[],"_links":{"self":[{"href":"https:\/\/epitesigipszek.hu\/de\/wp-json\/wp\/v2\/product\/348","targetHints":{"allow":["GET"]}}],"collection":[{"href":"https:\/\/epitesigipszek.hu\/de\/wp-json\/wp\/v2\/product"}],"about":[{"href":"https:\/\/epitesigipszek.hu\/de\/wp-json\/wp\/v2\/types\/product"}],"wp:featuredmedia":[{"embeddable":true,"href":"https:\/\/epitesigipszek.hu\/de\/wp-json\/wp\/v2\/media\/402"}],"wp:attachment":[{"href":"https:\/\/epitesigipszek.hu\/de\/wp-json\/wp\/v2\/media?parent=348"}],"wp:term":[{"taxonomy":"product_brand","embeddable":true,"href":"https:\/\/epitesigipszek.hu\/de\/wp-json\/wp\/v2\/product_brand?post=348"},{"taxonomy":"product_cat","embeddable":true,"href":"https:\/\/epitesigipszek.hu\/de\/wp-json\/wp\/v2\/product_cat?post=348"},{"taxonomy":"product_tag","embeddable":true,"href":"https:\/\/epitesigipszek.hu\/de\/wp-json\/wp\/v2\/product_tag?post=348"}],"curies":[{"name":"wp","href":"https:\/\/api.w.org\/{rel}","templated":true}]}}