{"id":345,"date":"2025-12-16T01:02:22","date_gmt":"2025-12-16T01:02:22","guid":{"rendered":"https:\/\/epitesigipszek.hu\/?post_type=product&#038;p=345"},"modified":"2025-12-16T03:46:03","modified_gmt":"2025-12-16T03:46:03","slug":"stuckgips-siniat","status":"publish","type":"product","link":"https:\/\/epitesigipszek.hu\/de\/termek\/stuckgips-siniat\/","title":{"rendered":"Stuckgips (Siniat)"},"content":{"rendered":"<p>Stuckgips (rum\u00e4nischer) Qualit\u00e4t G4\/A2 aus nat\u00fcrlichen Grundstoffen f\u00fcr allgemeine Bauzwecke.<\/p>\n<ul class=\"\">\n<li>F\u00fcr allgemeine Befestigung, Reparatur<\/li>\n<li>Verarbeitungszeit: ca. 10-12 Min.<\/li>\n<\/ul>\n<p><!--more--> <strong>Packungsgr\u00f6\u00dfen:<\/strong><\/p>\n<table cellspacing=\"0\" cellpadding=\"0\">\n<tbody>\n<tr>\n<td>1 x<\/td>\n<td>20 kg<\/td>\n<td>54 St.\/Palette<\/td>\n<\/tr>\n<tr>\n<td>1 x<\/td>\n<td>10 kg<\/td>\n<td>96 St.\/Palette<\/td>\n<\/tr>\n<tr>\n<td>1 x<\/td>\n<td>5 kg<\/td>\n<td>192 St.\/Palette<\/td>\n<\/tr>\n<tr>\n<td>\u00a01x<\/td>\n<td>2 kg<\/td>\n<td>\u00a0480 St.\/Palette<\/td>\n<\/tr>\n<\/tbody>\n<\/table>\n<p>&nbsp;<\/p>\n","protected":false},"excerpt":{"rendered":"<p>Stuckgips (rum\u00e4nischer) Qualit\u00e4t G4\/A2 aus nat\u00fcrlichen Grundstoffen f\u00fcr allgemeine Bauzwecke. F\u00fcr allgemeine Befestigung, Reparatur Verarbeitungszeit: ca. 10-12 Min.<\/p>\n","protected":false},"featured_media":401,"template":"","meta":{"_acf_changed":false,"_et_pb_use_builder":"","_et_pb_old_content":"","_et_gb_content_width":""},"product_brand":[],"product_cat":[72],"product_tag":[],"class_list":{"0":"post-345","1":"product","2":"type-product","3":"status-publish","4":"has-post-thumbnail","6":"product_cat-stuck-und-elektrikergipse","8":"first","9":"instock","10":"shipping-taxable","11":"product-type-simple"},"acf":[],"_links":{"self":[{"href":"https:\/\/epitesigipszek.hu\/de\/wp-json\/wp\/v2\/product\/345","targetHints":{"allow":["GET"]}}],"collection":[{"href":"https:\/\/epitesigipszek.hu\/de\/wp-json\/wp\/v2\/product"}],"about":[{"href":"https:\/\/epitesigipszek.hu\/de\/wp-json\/wp\/v2\/types\/product"}],"wp:featuredmedia":[{"embeddable":true,"href":"https:\/\/epitesigipszek.hu\/de\/wp-json\/wp\/v2\/media\/401"}],"wp:attachment":[{"href":"https:\/\/epitesigipszek.hu\/de\/wp-json\/wp\/v2\/media?parent=345"}],"wp:term":[{"taxonomy":"product_brand","embeddable":true,"href":"https:\/\/epitesigipszek.hu\/de\/wp-json\/wp\/v2\/product_brand?post=345"},{"taxonomy":"product_cat","embeddable":true,"href":"https:\/\/epitesigipszek.hu\/de\/wp-json\/wp\/v2\/product_cat?post=345"},{"taxonomy":"product_tag","embeddable":true,"href":"https:\/\/epitesigipszek.hu\/de\/wp-json\/wp\/v2\/product_tag?post=345"}],"curies":[{"name":"wp","href":"https:\/\/api.w.org\/{rel}","templated":true}]}}