{"id":339,"date":"2025-12-16T01:02:13","date_gmt":"2025-12-16T01:02:13","guid":{"rendered":"https:\/\/epitesigipszek.hu\/?post_type=product&#038;p=339"},"modified":"2025-12-16T03:46:03","modified_gmt":"2025-12-16T03:46:03","slug":"putzgips-szeria-vakolat-6-40-nur-auf-bestellung","status":"publish","type":"product","link":"https:\/\/epitesigipszek.hu\/de\/termek\/putzgips-szeria-vakolat-6-40-nur-auf-bestellung\/","title":{"rendered":"Putzgips (Sz\u00e9ria-Vakolat) 6-40 (nur auf Bestellung)"},"content":{"rendered":"<p>Putzgips, von 6 bis 40 mm Dicke verwendbar, extrem gut haftender manueller Putz.<\/p>\n<ul class=\"\">\n<li>Ausgezeichnet verwendbar zum Verputzen der gesamten Oberfl\u00e4che von W\u00e4nden und von Decken in Innenr\u00e4umen<\/li>\n<li>Als Grundputz kann der Putz Fliesen und Deckputz tragen<\/li>\n<li>Als Gl\u00e4ttputz gut \u00fcberstreichbar und tapezierbar<\/li>\n<li>Verarbeitungszeit: ca. 110-120 Min.<\/li>\n<\/ul>\n<p><!--more--> <strong>Packungsgr\u00f6\u00dfen:<\/strong><\/p>\n<table width=\"290\">\n<tbody>\n<tr>\n<td>1 x<\/td>\n<td>25 kg<\/td>\n<td>40 St.\/Palette<\/td>\n<\/tr>\n<tr>\n<td>1 x<\/td>\n<td>5 kg<\/td>\n<td>160 St.\/Palette<\/td>\n<\/tr>\n<\/tbody>\n<\/table>\n<p>&nbsp;<\/p>\n","protected":false},"excerpt":{"rendered":"<p>Putzgips, von 6 bis 40 mm Dicke verwendbar, extrem gut haftender manueller Putz. Ausgezeichnet verwendbar zum Verputzen der gesamten Oberfl\u00e4che von W\u00e4nden und von Decken in Innenr\u00e4umen Als Grundputz kann der Putz Fliesen und Deckputz tragen Als Gl\u00e4ttputz gut \u00fcberstreichbar und tapezierbar Verarbeitungszeit: ca. 110-120 Min.<\/p>\n","protected":false},"featured_media":399,"template":"","meta":{"_acf_changed":false,"_et_pb_use_builder":"","_et_pb_old_content":"","_et_gb_content_width":""},"product_brand":[],"product_cat":[76],"product_tag":[],"class_list":{"0":"post-339","1":"product","2":"type-product","3":"status-publish","4":"has-post-thumbnail","6":"product_cat-putze","8":"first","9":"instock","10":"featured","11":"shipping-taxable","12":"product-type-simple"},"acf":[],"_links":{"self":[{"href":"https:\/\/epitesigipszek.hu\/de\/wp-json\/wp\/v2\/product\/339","targetHints":{"allow":["GET"]}}],"collection":[{"href":"https:\/\/epitesigipszek.hu\/de\/wp-json\/wp\/v2\/product"}],"about":[{"href":"https:\/\/epitesigipszek.hu\/de\/wp-json\/wp\/v2\/types\/product"}],"wp:featuredmedia":[{"embeddable":true,"href":"https:\/\/epitesigipszek.hu\/de\/wp-json\/wp\/v2\/media\/399"}],"wp:attachment":[{"href":"https:\/\/epitesigipszek.hu\/de\/wp-json\/wp\/v2\/media?parent=339"}],"wp:term":[{"taxonomy":"product_brand","embeddable":true,"href":"https:\/\/epitesigipszek.hu\/de\/wp-json\/wp\/v2\/product_brand?post=339"},{"taxonomy":"product_cat","embeddable":true,"href":"https:\/\/epitesigipszek.hu\/de\/wp-json\/wp\/v2\/product_cat?post=339"},{"taxonomy":"product_tag","embeddable":true,"href":"https:\/\/epitesigipszek.hu\/de\/wp-json\/wp\/v2\/product_tag?post=339"}],"curies":[{"name":"wp","href":"https:\/\/api.w.org\/{rel}","templated":true}]}}