{"id":332,"date":"2025-12-16T01:01:59","date_gmt":"2025-12-16T01:01:59","guid":{"rendered":"https:\/\/epitesigipszek.hu\/?post_type=product&#038;p=332"},"modified":"2025-12-16T03:46:04","modified_gmt":"2025-12-16T03:46:04","slug":"tiefengrundierun-putz-und-haftgrund","status":"publish","type":"product","link":"https:\/\/epitesigipszek.hu\/de\/termek\/tiefengrundierun-putz-und-haftgrund\/","title":{"rendered":"Tiefengrundierun (Putz- und Haftgrund)"},"content":{"rendered":"<p style=\"text-align: justify;\">L\u00f6semittelfreier, alkalibest\u00e4ndiger Tiefengrund. Durch sein hohes Eindringverm\u00f6gen stabilisiert es por\u00f6se, br\u00fcchige Oberfl\u00e4chen und erh\u00f6ht so die Haftung von Belags- und Putzmaterialien deutlich. Durch die Anwendung wird eine gleichm\u00e4\u00dfige Feuchtigkeitsaufnahme erreicht und somit eine Fleckenbildung durch unterschiedliche Saugwirkung vermieden. Durch seinen Einsatz wird verhindert, dass der Untergrund gr\u00f6\u00dfere Mengen Wasser aus frisch aufgetragenen Materialien und M\u00f6rteln aufnimmt.<\/p>\n<ul class=\"\">\n<li>Sowohl im Innen- als auch im Au\u00dfenbereich verwendbar<\/li>\n<li>Im Innenbereich auch als Schutzanstrich verwendbar<\/li>\n<\/ul>\n<p><!--more--> <strong>Packungsgr\u00f6\u00dfen:<\/strong><\/p>\n<table width=\"290\">\n<tbody>\n<tr>\n<td>1 x<\/td>\n<td>1 kg<\/td>\n<td>15 St.\/Karton<\/td>\n<\/tr>\n<tr>\n<td><\/td>\n<td><\/td>\n<td>600 St.\/Palette<\/td>\n<\/tr>\n<tr>\n<td>1 x<\/td>\n<td>5 kg<\/td>\n<td>96 St.\/Palette<\/td>\n<\/tr>\n<tr>\n<td>1 x<\/td>\n<td>10 kg<\/td>\n<td>60 St.\/Palette<\/td>\n<\/tr>\n<\/tbody>\n<\/table>\n<p>&nbsp;<\/p>\n","protected":false},"excerpt":{"rendered":"<p>L\u00f6semittelfreier, alkalibest\u00e4ndiger Tiefengrund. Durch sein hohes Eindringverm\u00f6gen stabilisiert es por\u00f6se, br\u00fcchige Oberfl\u00e4chen und erh\u00f6ht so die Haftung von Belags- und Putzmaterialien deutlich. Durch die Anwendung wird eine gleichm\u00e4\u00dfige Feuchtigkeitsaufnahme erreicht und somit eine Fleckenbildung durch unterschiedliche Saugwirkung vermieden. Durch seinen Einsatz wird verhindert, dass der Untergrund gr\u00f6\u00dfere Mengen Wasser aus frisch aufgetragenen Materialien und M\u00f6rteln [&hellip;]<\/p>\n","protected":false},"featured_media":396,"template":"","meta":{"_acf_changed":false,"_et_pb_use_builder":"","_et_pb_old_content":"","_et_gb_content_width":""},"product_brand":[],"product_cat":[52],"product_tag":[],"class_list":{"0":"post-332","1":"product","2":"type-product","3":"status-publish","4":"has-post-thumbnail","6":"product_cat-grundierungen","8":"first","9":"instock","10":"featured","11":"shipping-taxable","12":"product-type-simple"},"acf":[],"_links":{"self":[{"href":"https:\/\/epitesigipszek.hu\/de\/wp-json\/wp\/v2\/product\/332","targetHints":{"allow":["GET"]}}],"collection":[{"href":"https:\/\/epitesigipszek.hu\/de\/wp-json\/wp\/v2\/product"}],"about":[{"href":"https:\/\/epitesigipszek.hu\/de\/wp-json\/wp\/v2\/types\/product"}],"wp:featuredmedia":[{"embeddable":true,"href":"https:\/\/epitesigipszek.hu\/de\/wp-json\/wp\/v2\/media\/396"}],"wp:attachment":[{"href":"https:\/\/epitesigipszek.hu\/de\/wp-json\/wp\/v2\/media?parent=332"}],"wp:term":[{"taxonomy":"product_brand","embeddable":true,"href":"https:\/\/epitesigipszek.hu\/de\/wp-json\/wp\/v2\/product_brand?post=332"},{"taxonomy":"product_cat","embeddable":true,"href":"https:\/\/epitesigipszek.hu\/de\/wp-json\/wp\/v2\/product_cat?post=332"},{"taxonomy":"product_tag","embeddable":true,"href":"https:\/\/epitesigipszek.hu\/de\/wp-json\/wp\/v2\/product_tag?post=332"}],"curies":[{"name":"wp","href":"https:\/\/api.w.org\/{rel}","templated":true}]}}