{"id":329,"date":"2025-12-16T01:01:55","date_gmt":"2025-12-16T01:01:55","guid":{"rendered":"https:\/\/epitesigipszek.hu\/?post_type=product&#038;p=329"},"modified":"2025-12-16T03:46:04","modified_gmt":"2025-12-16T03:46:04","slug":"floorliner-ve-dunnestrich","status":"publish","type":"product","link":"https:\/\/epitesigipszek.hu\/de\/termek\/floorliner-ve-dunnestrich\/","title":{"rendered":"floorliner VE &#8211; D\u00fcnnestrich"},"content":{"rendered":"<p>Flie\u00dfestrich von 10 bis 30 mm Dicke. Auf Anhydritbasis, f\u00fcr manuelle und maschinelle Verarbeitung.<\/p>\n<ul class=\"\">\n<li>F\u00fcr Bel\u00e4ge aller Art im Innenraum<\/li>\n<li><i>Auch bei Fu\u00dfbodenheizung verwendbar!<\/i><\/li>\n<li>Ca. nach 8 Stunden begehbar, nach 24 Stunden kann gefliest werden<\/li>\n<\/ul>\n<p><!--more--> <strong>Packungsgr\u00f6\u00dfen:<\/strong><\/p>\n<table width=\"290\">\n<tbody>\n<tr>\n<td>1 x<\/td>\n<td>25 kg<\/td>\n<td>42 St.\/Palette<\/td>\n<\/tr>\n<\/tbody>\n<\/table>\n<p>&nbsp;<\/p>\n","protected":false},"excerpt":{"rendered":"<p>Flie\u00dfestrich von 10 bis 30 mm Dicke. Auf Anhydritbasis, f\u00fcr manuelle und maschinelle Verarbeitung. F\u00fcr Bel\u00e4ge aller Art im Innenraum Auch bei Fu\u00dfbodenheizung verwendbar! Ca. nach 8 Stunden begehbar, nach 24 Stunden kann gefliest werden<\/p>\n","protected":false},"featured_media":395,"template":"","meta":{"_acf_changed":false,"_et_pb_use_builder":"","_et_pb_old_content":"","_et_gb_content_width":""},"product_brand":[],"product_cat":[56,54],"product_tag":[],"class_list":{"0":"post-329","1":"product","2":"type-product","3":"status-publish","4":"has-post-thumbnail","6":"product_cat-estriche","7":"product_cat-fliesspachtel","9":"first","10":"instock","11":"shipping-taxable","12":"product-type-simple"},"acf":[],"_links":{"self":[{"href":"https:\/\/epitesigipszek.hu\/de\/wp-json\/wp\/v2\/product\/329","targetHints":{"allow":["GET"]}}],"collection":[{"href":"https:\/\/epitesigipszek.hu\/de\/wp-json\/wp\/v2\/product"}],"about":[{"href":"https:\/\/epitesigipszek.hu\/de\/wp-json\/wp\/v2\/types\/product"}],"wp:featuredmedia":[{"embeddable":true,"href":"https:\/\/epitesigipszek.hu\/de\/wp-json\/wp\/v2\/media\/395"}],"wp:attachment":[{"href":"https:\/\/epitesigipszek.hu\/de\/wp-json\/wp\/v2\/media?parent=329"}],"wp:term":[{"taxonomy":"product_brand","embeddable":true,"href":"https:\/\/epitesigipszek.hu\/de\/wp-json\/wp\/v2\/product_brand?post=329"},{"taxonomy":"product_cat","embeddable":true,"href":"https:\/\/epitesigipszek.hu\/de\/wp-json\/wp\/v2\/product_cat?post=329"},{"taxonomy":"product_tag","embeddable":true,"href":"https:\/\/epitesigipszek.hu\/de\/wp-json\/wp\/v2\/product_tag?post=329"}],"curies":[{"name":"wp","href":"https:\/\/api.w.org\/{rel}","templated":true}]}}