{"id":305,"date":"2025-12-16T00:57:27","date_gmt":"2025-12-16T00:57:27","guid":{"rendered":"https:\/\/epitesigipszek.hu\/?post_type=product&#038;p=305"},"modified":"2025-12-16T03:46:06","modified_gmt":"2025-12-16T03:46:06","slug":"keramod-125-modellgips","status":"publish","type":"product","link":"https:\/\/epitesigipszek.hu\/de\/termek\/keramod-125-modellgips\/","title":{"rendered":"Keramod 125 Modellgips"},"content":{"rendered":"<p>Werksgemischter extrawei\u00dfer Modellgips.<\/p>\n<ul class=\"\">\n<li>Zu Verputzarbeiten und zum F\u00fcllen von Fugen und L\u00f6chern<\/li>\n<li>Zum Ausbessern und Gl\u00e4tten unter dem Anstrich<\/li>\n<li>F\u00fcr Verzierungen in der Bauindustrie:\n<ul>\n<li>Gipsskulpturen<\/li>\n<li>Modellieren<\/li>\n<li>Herstellung von Stuckornamenten<\/li>\n<\/ul>\n<\/li>\n<li>F\u00fcr die Keramische- und Porzellanindustrie<\/li>\n<li>Verarbeitungszeit: ca. 10-12 Min.<\/li>\n<\/ul>\n<p><!--more--> <strong>Packungsgr\u00f6\u00dfen:<\/strong><\/p>\n<table cellspacing=\"0\" cellpadding=\"0\">\n<tbody>\n<tr>\n<td>1 x<\/td>\n<td>30 kg<\/td>\n<td>35 St.\/Palette<\/td>\n<\/tr>\n<tr>\n<td>1 x<\/td>\n<td>15 kg<\/td>\n<td>60 St.\/Palette<\/td>\n<\/tr>\n<tr>\n<td>1 x<\/td>\n<td>5 kg<\/td>\n<td>192 St.\/Palette<\/td>\n<\/tr>\n<tr>\n<td>1 x<\/td>\n<td>2 kg<\/td>\n<td>480 St.\/Palette<\/td>\n<\/tr>\n<\/tbody>\n<\/table>\n<p>&nbsp;<\/p>\n","protected":false},"excerpt":{"rendered":"<p>Werksgemischter extrawei\u00dfer Modellgips. Zu Verputzarbeiten und zum F\u00fcllen von Fugen und L\u00f6chern Zum Ausbessern und Gl\u00e4tten unter dem Anstrich F\u00fcr Verzierungen in der Bauindustrie: Gipsskulpturen Modellieren Herstellung von Stuckornamenten F\u00fcr die Keramische- und Porzellanindustrie Verarbeitungszeit: ca. 10-12 Min.<\/p>\n","protected":false},"featured_media":388,"template":"","meta":{"_acf_changed":false,"_et_pb_use_builder":"","_et_pb_old_content":"","_et_gb_content_width":""},"product_brand":[],"product_cat":[64],"product_tag":[],"class_list":{"0":"post-305","1":"product","2":"type-product","3":"status-publish","4":"has-post-thumbnail","6":"product_cat-modellgipse","8":"first","9":"instock","10":"shipping-taxable","11":"product-type-simple"},"acf":[],"_links":{"self":[{"href":"https:\/\/epitesigipszek.hu\/de\/wp-json\/wp\/v2\/product\/305","targetHints":{"allow":["GET"]}}],"collection":[{"href":"https:\/\/epitesigipszek.hu\/de\/wp-json\/wp\/v2\/product"}],"about":[{"href":"https:\/\/epitesigipszek.hu\/de\/wp-json\/wp\/v2\/types\/product"}],"wp:featuredmedia":[{"embeddable":true,"href":"https:\/\/epitesigipszek.hu\/de\/wp-json\/wp\/v2\/media\/388"}],"wp:attachment":[{"href":"https:\/\/epitesigipszek.hu\/de\/wp-json\/wp\/v2\/media?parent=305"}],"wp:term":[{"taxonomy":"product_brand","embeddable":true,"href":"https:\/\/epitesigipszek.hu\/de\/wp-json\/wp\/v2\/product_brand?post=305"},{"taxonomy":"product_cat","embeddable":true,"href":"https:\/\/epitesigipszek.hu\/de\/wp-json\/wp\/v2\/product_cat?post=305"},{"taxonomy":"product_tag","embeddable":true,"href":"https:\/\/epitesigipszek.hu\/de\/wp-json\/wp\/v2\/product_tag?post=305"}],"curies":[{"name":"wp","href":"https:\/\/api.w.org\/{rel}","templated":true}]}}