{"id":1677,"date":"2025-11-12T12:11:48","date_gmt":"2025-11-12T12:11:48","guid":{"rendered":"https:\/\/epitesigipszek.hu\/datenschutzrichtlinie\/"},"modified":"2026-02-02T21:10:46","modified_gmt":"2026-02-02T21:10:46","slug":"datenschutzrichtlinie","status":"publish","type":"page","link":"https:\/\/epitesigipszek.hu\/de\/datenschutzrichtlinie\/","title":{"rendered":"DATENSCHUTZRICHTLINIE"},"content":{"rendered":"<p>[et_pb_section fb_built=&#8220;1&#8243; _builder_version=&#8220;4.27.5&#8243; _module_preset=&#8220;default&#8220; background_image=&#8220;https:\/\/epitesigipszek.hu\/wp-content\/uploads\/dietrichkuehne_DSCF4343-scaled.jpg&#8220; custom_padding=&#8220;100px||0px||false|false&#8220; global_colors_info=&#8220;{}&#8220;][et_pb_row _builder_version=&#8220;4.27.5&#8243; _module_preset=&#8220;default&#8220; background_color=&#8220;rgba(255,255,255,0.75)&#8220; custom_margin=&#8220;||0px||false|false&#8220; custom_padding=&#8220;||0px|20px|false|false&#8220; global_colors_info=&#8220;{}&#8220;][et_pb_column type=&#8220;4_4&#8243; _builder_version=&#8220;4.27.5&#8243; _module_preset=&#8220;default&#8220; global_colors_info=&#8220;{}&#8220;][et_pb_heading title=&#8220;DATENSCHUTZRICHTLINIE&#8220; module_class=&#8220;top-page-title&#8220; _builder_version=&#8220;4.27.5&#8243; _module_preset=&#8220;default&#8220; custom_margin=&#8220;||0px||false|false&#8220; custom_padding=&#8220;||0px||false|false&#8220; global_colors_info=&#8220;{}&#8220;][\/et_pb_heading][\/et_pb_column][\/et_pb_row][\/et_pb_section][et_pb_section fb_built=&#8220;1&#8243; _builder_version=&#8220;4.27.5&#8243; _module_preset=&#8220;default&#8220; custom_padding=&#8220;29px||107px|||&#8220; global_colors_info=&#8220;{}&#8220;][et_pb_row _builder_version=&#8220;4.27.5&#8243; _module_preset=&#8220;default&#8220; custom_padding=&#8220;1px|||||&#8220; global_colors_info=&#8220;{}&#8220;][et_pb_column type=&#8220;4_4&#8243; _builder_version=&#8220;4.27.5&#8243; _module_preset=&#8220;default&#8220; global_colors_info=&#8220;{}&#8220;][et_pb_text _builder_version=&#8220;4.27.5&#8243; _module_preset=&#8220;default&#8220; hover_enabled=&#8220;0&#8243; global_colors_info=&#8220;{}&#8220; sticky_enabled=&#8220;0&#8243;]<\/p>\n<p>(1) Wird die Website des Unternehmens besucht, werden ein oder mehrere Cookies an den PC des Websitebesuchers gesendet. Cookies sind kleine Informationspakete, die der Webserver an den Webbrowser \u00fcbermittelt. Der Browser sendet diese sp\u00e4ter jedes Mal, wenn er eine Anfrage an den Server sendet, wieder an den Server zur\u00fcck. Die Cookies erm\u00f6glichen es, den Browser des Websitebesuchers individuell zu erkennen, nat\u00fcrlich nur, wenn der Websitebesucher, nachdem er dar\u00fcber klar und eindeutig informiert wurde, mit seinem Verhalten \u2013 dem Weitersurfen auf der Website \u2013 seine ausdr\u00fcckliche (aktive) Einwilligung erteilt hat.<\/p>\n<p>(2) Die Cookies dienen ausschlie\u00dflich der Verbesserung des Benutzererlebnisses und der Automatisierung des Anmeldeprozesses. Die auf der Website verwendeten Cookies speichern keine zur personenbezogenen Identifizierung geeigneten Daten. Das Unternehmen verarbeitet in diesem Bereich keine personenbezogenen Daten. <\/p>\n<p>Unsere detaillierte Datenverarbeitungsinformation k\u00f6nnen Sie hier einsehen:<\/p>\n<p><a href=\"\/wp-content\/uploads\/Weboldal-Adatkezelesi-Tajekoztato.pdf\" target=\"_blank\" rel=\"noopener\">Website Datenverarbeitungsinformation<\/a><\/p>\n<p>[\/et_pb_text][\/et_pb_column][\/et_pb_row][\/et_pb_section]<\/p>\n","protected":false},"excerpt":{"rendered":"<p>(1) Wird die Website des Unternehmens besucht, werden ein oder mehrere Cookies an den PC des Websitebesuchers gesendet. Cookies sind kleine Informationspakete, die der Webserver an den Webbrowser \u00fcbermittelt. Der Browser sendet diese sp\u00e4ter jedes Mal, wenn er eine Anfrage an den Server sendet, wieder an den Server zur\u00fcck. Die Cookies erm\u00f6glichen es, den Browser [&hellip;]<\/p>\n","protected":false},"author":1,"featured_media":0,"parent":0,"menu_order":0,"comment_status":"closed","ping_status":"closed","template":"","meta":{"_acf_changed":false,"_et_pb_use_builder":"on","_et_pb_old_content":"","_et_gb_content_width":"","footnotes":""},"class_list":["post-1677","page","type-page","status-publish","hentry"],"acf":[],"_links":{"self":[{"href":"https:\/\/epitesigipszek.hu\/de\/wp-json\/wp\/v2\/pages\/1677","targetHints":{"allow":["GET"]}}],"collection":[{"href":"https:\/\/epitesigipszek.hu\/de\/wp-json\/wp\/v2\/pages"}],"about":[{"href":"https:\/\/epitesigipszek.hu\/de\/wp-json\/wp\/v2\/types\/page"}],"author":[{"embeddable":true,"href":"https:\/\/epitesigipszek.hu\/de\/wp-json\/wp\/v2\/users\/1"}],"replies":[{"embeddable":true,"href":"https:\/\/epitesigipszek.hu\/de\/wp-json\/wp\/v2\/comments?post=1677"}],"version-history":[{"count":2,"href":"https:\/\/epitesigipszek.hu\/de\/wp-json\/wp\/v2\/pages\/1677\/revisions"}],"predecessor-version":[{"id":1679,"href":"https:\/\/epitesigipszek.hu\/de\/wp-json\/wp\/v2\/pages\/1677\/revisions\/1679"}],"wp:attachment":[{"href":"https:\/\/epitesigipszek.hu\/de\/wp-json\/wp\/v2\/media?parent=1677"}],"curies":[{"name":"wp","href":"https:\/\/api.w.org\/{rel}","templated":true}]}}