{"id":1486,"date":"2025-12-02T15:55:01","date_gmt":"2025-12-02T15:55:01","guid":{"rendered":"https:\/\/epitesigipszek.hu\/ueber-uns\/"},"modified":"2026-01-30T16:40:32","modified_gmt":"2026-01-30T16:40:32","slug":"ueber-uns","status":"publish","type":"page","link":"https:\/\/epitesigipszek.hu\/de\/ueber-uns\/","title":{"rendered":"\u00dcber Uns"},"content":{"rendered":"<p>[et_pb_section fb_built=&#8220;1&#8243; _builder_version=&#8220;4.27.5&#8243; _module_preset=&#8220;default&#8220; background_image=&#8220;https:\/\/epitesigipszek.hu\/wp-content\/uploads\/dietrichkuehne_DSCF4343-scaled.jpg&#8220; custom_padding=&#8220;100px||0px||false|false&#8220; global_colors_info=&#8220;{}&#8220;][et_pb_row _builder_version=&#8220;4.27.5&#8243; _module_preset=&#8220;default&#8220; background_color=&#8220;rgba(255,255,255,0.75)&#8220; custom_margin=&#8220;||0px||false|false&#8220; custom_padding=&#8220;||0px|20px|false|false&#8220; global_colors_info=&#8220;{}&#8220;][et_pb_column type=&#8220;4_4&#8243; _builder_version=&#8220;4.27.5&#8243; _module_preset=&#8220;default&#8220; global_colors_info=&#8220;{}&#8220;][et_pb_heading title=&#8220;Unternehmensgeschichte&#8220; module_class=&#8220;top-page-title&#8220; _builder_version=&#8220;4.27.5&#8243; _module_preset=&#8220;default&#8220; custom_margin=&#8220;||0px||false|false&#8220; custom_padding=&#8220;||0px||false|false&#8220; global_colors_info=&#8220;{}&#8220;][\/et_pb_heading][\/et_pb_column][\/et_pb_row][\/et_pb_section][et_pb_section fb_built=&#8220;1&#8243; _builder_version=&#8220;4.27.5&#8243; _module_preset=&#8220;default&#8220; custom_padding=&#8220;29px||107px|||&#8220; global_colors_info=&#8220;{}&#8220;][et_pb_row _builder_version=&#8220;4.27.5&#8243; _module_preset=&#8220;default&#8220; custom_padding=&#8220;1px|||||&#8220; global_colors_info=&#8220;{}&#8220;][et_pb_column type=&#8220;4_4&#8243; _builder_version=&#8220;4.27.5&#8243; _module_preset=&#8220;default&#8220; global_colors_info=&#8220;{}&#8220;][et_pb_text _builder_version=&#8220;4.27.5&#8243; _module_preset=&#8220;default&#8220; hover_enabled=&#8220;0&#8243; global_colors_info=&#8220;{}&#8220; sticky_enabled=&#8220;0&#8243;]<\/p>\n<p>Die Geschichte der Gesellschaft<span> <\/span><b>Sz\u00e9ria-Trans Kft.<\/b><span> <\/span>begann \u00e4hnlich, wie bei vielen anderen Unternehmen, die von ungarischen Gesellschaftern um die Wende gegr\u00fcndet wurden. Die miteinander verwandten Gesellschafter beschlossen, das Schicksal selbst in die Hand zu nehmen, und gr\u00fcndeten eine Firma, um sich selber vor den wirtschaftlichen Unsicherheiten \u2013 die Ende der 80er und Anfang der 90er Jahre charakteristisch waren \u2013 und der Gefahr des Arbeitsplatzverlustes zu retten. <\/p>\n<p>Die Idee, mit Baugips und Wei\u00dfzement zu handeln, kam zuerst aus famili\u00e4rer Tradition. Der T\u00e4tigkeitsbereich wurde sp\u00e4ter um die Herstellung und Verpackung von Baustoffen, Putzen auf Pulverbasis und Pulverfarben erweitert. Das Unternehmen, das seinen Sitz in Budapest und einen Standort in Karcag hat, verf\u00fcgt \u00fcber mehr als 4 000 m2 Lagerkapazit\u00e4t. Der Warenumsatz \u00fcberstieg im Jahr 2007 die 25 000 Tonnen. <\/p>\n<p>Trotz dem immer mehr \u00fcberf\u00fcllten wirtschaftlichen Umfeld in Ungarn w\u00e4chst und expandiert unsere Firma kontinuierlich. Die Grundlage unserer Gesch\u00e4ftsphilosophie ist, unseren Kunden jederzeit hochwertige Leistungen und Produkte zu bezahlbaren Preisen anzubieten. <\/p>\n<h3 class=\"smallheader-ev\">1991<\/h3>\n<p>Gr\u00fcndung der Sz\u00e9ria-Trans Kft durch Privatpersonen als Familienunternehmen mit Sitz in Szigetszentmikl\u00f3s. Am Anfang beschr\u00e4nkte sich die T\u00e4tigkeit der Firma auf Bau- und Schlosserarbeiten in Deutschland. <\/p>\n<h3 class=\"smallheader-ev\">1993<\/h3>\n<p>Die Gesellschaft er\u00f6ffnet mit dem Kauf einer ca. 1000 m2 gro\u00dfen Industriehalle eine Niederlassung in Karcag und erweitert die T\u00e4tigkeit um die Verpackung von Baustoffen auf Pulverbasis sowie den Gro\u00dfhandel von Baustoffen. Die wichtigsten Vertriebsprodukte sind: Modellgips, italienischer Wei\u00dfzement, rum\u00e4nischer Stuckgips.  <\/p>\n<h3 class=\"smallheader-ev\">1995<\/h3>\n<p>Neuer Frimensitz. Die Sz\u00e9ria-Trans Kft zieht von Szigetszentmikl\u00f3s nach Budapest in die Bertalan Lajos Stra\u00dfe um.  <\/p>\n<h3 class=\"smallheader-ev\">1996<\/h3>\n<p>Infolge von Entwicklungen auf dem deutschen Markt sowie wirtschaftlichen und arbeitsrechtlichen Regelungen, welche die M\u00f6glichkeiten der ungarischen Unternehmen in Deutschland immer mehr einengen und die korrekte T\u00e4tigkeit au\u00dferordentlich erschweren, stellt die Sz\u00e9ria-Trans Kft die Baut\u00e4tigkeit in Deutschland ein und wendet sich dem Baustoffhandel in Ungarn zu \u2013 in erster Linie auf dem Markt der hochwertigen Baugipse und Wei\u00dfzemente. Die Firma beginnt direkte Kontakte mit gro\u00dfen deutschen Herstellern wie Knauf und Heidelberger Zement aufzunehmen und auszubauen.   <\/p>\n<h3 class=\"smallheader-ev\">2000<\/h3>\n<p>Die Gesellschaft erweitert die Lagerkapazit\u00e4t und den Kraftfahrzeugpark auf das Doppelte und nimmt f\u00fcr die Verpackungst\u00e4tigkeit eine moderne Misch-Abf\u00fcllanlage in Betrieb.<\/p>\n<h3 class=\"smallheader-ev\">2002<\/h3>\n<p>Gemeinsam mit der deutschen Fa. S\u00fcdharzer Gipswerke wird unter den Namen <a href=\"http:\/\/www.szeria-gipsz.hu\/termekeink\/\" bis_skin_checked=\"1\">Sz\u00e9ria-Glett<\/a> ein universaler extrawei\u00dfer Gl\u00e4ttgips entwickelt und im Markt eingef\u00fchrt, der binnen k\u00fcrzester Zeit zum Favoriten der Maler und Bauunternehmer wird.<\/p>\n<h3 class=\"smallheader-ev\">2004<\/h3>\n<p>Die Sz\u00e9ria-Trans Kft bietet ein komplettes Sortiment an Spezialgipsen auf dem ungarischen Markt an. Sie startet die Produktion von Au\u00dfenraumspachtel und Gl\u00e4ttmasse. Der Jahresumsatz \u00fcbersteigt 20.000 Tonnen.   <\/p>\n<h3 class=\"smallheader-ev\">2006<\/h3>\n<p>Der Sitz in Budapest zieht in die komfortablere und r\u00e4umigere Adony Stra\u00dfe um und der Lagerstandort in Karcag wird um einen B\u00fcrokomplex erweitert.<\/p>\n<h3 class=\"smallheader-ev\">2008<\/h3>\n<p>Wir haben mit dem Vertrieb unseres selbst entwickelten und hergestellten<span> <\/span>AUSSENSPACHTEL begonnen. Der Name des weiterentwickelten Produkts lautet ab 2023: <a href=\"http:\/\/www.szeria-gipsz.hu\/termekeink\/\" bis_skin_checked=\"1\">Standard 0-10 Au\u00dfen- und Innenspachtelmasse<\/a>. <\/p>\n<h3 class=\"smallheader-ev\">2009<\/h3>\n<p>Wir haben bereits drei Wei\u00dfzemente in unserem Sortiment. (d\u00e4nisch-belgisch-slowakisch) <\/p>\n<h3 class=\"smallheader-ev\">2012-2013<\/h3>\n<p>Neuer Putz f\u00fcr Malermeister. Einf\u00fchrung von <a href=\"http:\/\/www.szeria-gipsz.hu\/termekeink\/\" bis_skin_checked=\"1\">PUTZGIPS F\u00dcR MALERMEISTER<\/a>. <\/p>\n<h3 class=\"smallheader-ev\">2015-2016<\/h3>\n<p>A <b><a href=\"http:\/\/www.szeria-gipsz.hu\/termekeink\/\" bis_skin_checked=\"1\">SZ\u00c9RIA-GLETT<\/a><\/b> receptfriss\u00edt\u00e9se.<\/p>\n<h3 class=\"smallheader-ev\">2019-2020<\/h3>\n<p>A diszperzi\u00f3s glettek bevezet\u00e9se (<strong><a href=\"http:\/\/www.szeria-gipsz.hu\/termekeink\/\" bis_skin_checked=\"1\">Plasto- S3, S5<\/a><\/strong>)<\/p>\n<h3 class=\"smallheader-ev\">2022<\/h3>\n<p>Neues Lager bei ALPOK-ADRIA Sz\u00e1ll\u00edtm\u00e1nyoz\u00f3 Kft., Buda\u00f6rs (Industriepark)<b> <\/b><\/p>\n<h3>2023-2024<\/h3>\n<p>Bei mehreren unserer Produkte, darunter <a href=\"http:\/\/www.szeria-gipsz.hu\/termekeink\/\" bis_skin_checked=\"1\">Keramod 125 Modellgips<\/a>, <a href=\"http:\/\/www.szeria-gipsz.hu\/termekeink\/\" bis_skin_checked=\"1\">Stukat\u00far-Gips<\/a>, <a href=\"http:\/\/www.szeria-gipsz.hu\/termekeink\/\" bis_skin_checked=\"1\">Montage-Gips<\/a> und <a href=\"http:\/\/www.szeria-gipsz.hu\/termekeink\/\" bis_skin_checked=\"1\">Mestervakolat<\/a>, wurde die Verpackung ge\u00e4ndert. Die Rezeptur von Sz\u00e9rai-H\u00e9zagol\u00f3 Glattputz wurde aktualisiert, und das Produkt wird k\u00fcnftig unter dem Namen <a href=\"http:\/\/www.szeria-gipsz.hu\/termekeink\/\" bis_skin_checked=\"1\">Sz\u00e9ria-H\u00e9zagol\u00f3 Plusz<\/a> vertrieben. <\/p>\n<p>[\/et_pb_text][\/et_pb_column][\/et_pb_row][\/et_pb_section]<\/p>\n","protected":false},"excerpt":{"rendered":"<p>Lernen Sie unser Unternehmen kennen, das sich der Vertretung hochwertiger Gipsprodukte f\u00fcr den Bau und professioneller L\u00f6sungen f\u00fcr die Bauindustrie verschrieben hat. Mit unserer langj\u00e4hrigen Berufserfahrung und unserer kundenorientierten Herangehensweise garantieren wir allen unseren Partnern Zuverl\u00e4ssigkeit und kontinuierliche Innovation. Erfahren Sie mehr \u00fcber unsere Mission und die Werte, f\u00fcr die wir im Baustoffhandel stehen.  <\/p>\n","protected":false},"author":1,"featured_media":0,"parent":0,"menu_order":0,"comment_status":"closed","ping_status":"closed","template":"","meta":{"_acf_changed":false,"_et_pb_use_builder":"on","_et_pb_old_content":"","_et_gb_content_width":"","footnotes":""},"class_list":["post-1486","page","type-page","status-publish","hentry"],"acf":[],"_links":{"self":[{"href":"https:\/\/epitesigipszek.hu\/de\/wp-json\/wp\/v2\/pages\/1486","targetHints":{"allow":["GET"]}}],"collection":[{"href":"https:\/\/epitesigipszek.hu\/de\/wp-json\/wp\/v2\/pages"}],"about":[{"href":"https:\/\/epitesigipszek.hu\/de\/wp-json\/wp\/v2\/types\/page"}],"author":[{"embeddable":true,"href":"https:\/\/epitesigipszek.hu\/de\/wp-json\/wp\/v2\/users\/1"}],"replies":[{"embeddable":true,"href":"https:\/\/epitesigipszek.hu\/de\/wp-json\/wp\/v2\/comments?post=1486"}],"version-history":[{"count":4,"href":"https:\/\/epitesigipszek.hu\/de\/wp-json\/wp\/v2\/pages\/1486\/revisions"}],"predecessor-version":[{"id":1497,"href":"https:\/\/epitesigipszek.hu\/de\/wp-json\/wp\/v2\/pages\/1486\/revisions\/1497"}],"wp:attachment":[{"href":"https:\/\/epitesigipszek.hu\/de\/wp-json\/wp\/v2\/media?parent=1486"}],"curies":[{"name":"wp","href":"https:\/\/api.w.org\/{rel}","templated":true}]}}